{"id":926,"date":"2018-08-29T15:36:49","date_gmt":"2018-08-29T18:36:49","guid":{"rendered":"https:\/\/isfd142-bue.infd.edu.ar\/sitio\/historia-2\/"},"modified":"2025-06-01T00:08:52","modified_gmt":"2025-06-01T03:08:52","slug":"historia-2","status":"publish","type":"page","link":"https:\/\/isfd142-bue.infd.edu.ar\/sitio\/historia-2\/","title":{"rendered":"Historia"},"content":{"rendered":"<p style=\"text-align: justify;\"><span style=\"font-size: 14pt;\"><strong><a title=\"\u00bfFinDeLaHistoria?\" href=\"upload\/SilviaBabio-Historia-.pdf\" target=\"_blank\" rel=\"noopener\">\u00bfEl fin de la historia?<\/a> Por Silvia Babio- <span style=\"font-size: 10pt;\">Art\u00edculo producido en el Espacio de Definici\u00f3n Institucional, Prof Fernando Ghessi (2017)-<\/span><\/strong><\/span><\/p>\n<p style=\"text-align: justify;\">\n<\/p><p style=\"text-align: justify;\"><span style=\"font-size: 14pt;\"><strong><a title=\"CapitalismoTardio-\" href=\"upload\/Globalizacion_y_aparatos_ideologicos_en_epocas.docx\" target=\"_blank\" rel=\"noopener\">\u00abPosmodernidad, Globalizaci\u00f3n y aparatos ideol\u00f3gicos en \u00e9pocas del&nbsp; capitalismo tard\u00edo\u00bb<\/a><\/strong>, <strong><span style=\"font-size: 10pt;\">por estudiantes de Cuarto A\u00f1o del Profesorado de Historia junto al Profesor Fernando Ghessi (2016)-<br><\/span><\/strong><\/span><\/p>\n<p><\/p>\n\n\n<p><\/p>\n","protected":false},"excerpt":{"rendered":"<p>\u00bfEl fin de la historia? Por Silvia Babio- Art\u00edculo producido en el Espacio de Definici\u00f3n Institucional, Prof Fernando Ghessi (2017)- \u00abPosmodernidad, Globalizaci\u00f3n y aparatos ideol\u00f3gicos en \u00e9pocas del&nbsp; capitalismo tard\u00edo\u00bb, por estudiantes de Cuarto A\u00f1o del Profesorado de Historia junto al Profesor Fernando Ghessi (2016)-<\/p>\n","protected":false},"author":7,"featured_media":0,"parent":0,"menu_order":0,"comment_status":"closed","ping_status":"closed","template":"","meta":[],"acf":[],"_links":{"self":[{"href":"https:\/\/isfd142-bue.infd.edu.ar\/sitio\/wp-json\/wp\/v2\/pages\/926"}],"collection":[{"href":"https:\/\/isfd142-bue.infd.edu.ar\/sitio\/wp-json\/wp\/v2\/pages"}],"about":[{"href":"https:\/\/isfd142-bue.infd.edu.ar\/sitio\/wp-json\/wp\/v2\/types\/page"}],"author":[{"embeddable":true,"href":"https:\/\/isfd142-bue.infd.edu.ar\/sitio\/wp-json\/wp\/v2\/users\/7"}],"replies":[{"embeddable":true,"href":"https:\/\/isfd142-bue.infd.edu.ar\/sitio\/wp-json\/wp\/v2\/comments?post=926"}],"version-history":[{"count":3,"href":"https:\/\/isfd142-bue.infd.edu.ar\/sitio\/wp-json\/wp\/v2\/pages\/926\/revisions"}],"predecessor-version":[{"id":2641,"href":"https:\/\/isfd142-bue.infd.edu.ar\/sitio\/wp-json\/wp\/v2\/pages\/926\/revisions\/2641"}],"wp:attachment":[{"href":"https:\/\/isfd142-bue.infd.edu.ar\/sitio\/wp-json\/wp\/v2\/media?parent=926"}],"curies":[{"name":"wp","href":"https:\/\/api.w.org\/{rel}","templated":true}]}}