{"id":885,"date":"2018-08-29T15:36:34","date_gmt":"2018-08-29T18:36:34","guid":{"rendered":"https:\/\/isfd142-bue.infd.edu.ar\/sitio\/articulos-de-educacion\/"},"modified":"2021-08-05T21:10:58","modified_gmt":"2021-08-06T00:10:58","slug":"articulos-de-educacion","status":"publish","type":"page","link":"https:\/\/isfd142-bue.infd.edu.ar\/sitio\/articulos-de-educacion\/","title":{"rendered":"Art\u00edculos de Educaci\u00f3n"},"content":{"rendered":"<div class=\"Section1\">\n<p class=\"MsoNormal\"><strong><span style=\"font-size: 14pt;\" lang=\"ES-TRAD\">Formaci\u00f3n de una ciudadan\u00eda responsable<\/span><\/strong><\/p>\n<p class=\"MsoNormal\" style=\"text-align: center;\"><strong><span style=\"font-size: 14pt;\" lang=\"ES-TRAD\">&nbsp;<\/span><span style=\"text-decoration: underline;\"><span style=\"font-size: 18pt;\" lang=\"ES-TRAD\">La responsabilidad de la escuela primaria<\/span><\/span><\/strong><\/p>\n<p class=\"MsoNormal\" style=\"text-align: justify;\"><strong><span style=\"text-decoration: underline;\"><span style=\"font-size: 10pt;\" lang=\"ES-TRAD\"><span style=\"text-decoration: none;\">&nbsp;<\/span><\/span><\/span><span style=\"font-size: 10pt;\" lang=\"ES-TRAD\">&nbsp;&nbsp;&nbsp;&nbsp; <em>Por Andrada, D\u00e9bora; Callegari, Noelia; Dus, Flavia; Espinosa, Gabriela; Gonz\u00e1lez, Cintia; Guevara, J\u00e9sica; Halupa, Silvia; Ravazzano, Cristian; Schenone, Ludmila.<\/em><\/span><\/strong><\/p>\n<p class=\"MsoNormal\" style=\"text-align: center;\"><a name=\"figura1\"><\/a><img decoding=\"async\" loading=\"lazy\" src=\"https:\/\/isfd142-bue.infd.edu.ar\/sitio\/wp-content\/uploads\/2018\/08\/ArtJessicaGuevara.jpg\" border=\"0\" width=\"307\" height=\"188\"><strong><\/strong><\/p>\n<p><span style=\"font-size: 12pt; font-family: \" lang=\"ES-TRAD\"><br style=\"page-break-before: always;\"> <\/span><\/p>\n<p class=\"MsoNormal\" style=\"text-align: justify; text-indent: 14.2pt;\"><span lang=\"ES-TRAD\">Todos los derechos de los ciudadanos se concretan principalmente a trav\u00e9s del lenguaje oral o escrito.<\/span><\/p>\n<p class=\"MsoNormal\" style=\"text-align: justify; text-indent: 14.2pt;\"><span lang=\"ES-TRAD\">Por medio del di\u00e1logo y la palabra se producen acuerdos que regulan la vida en com\u00fan y preservan para todos el ejercicio pleno de la ciudadan\u00eda.<\/span><\/p>\n<p class=\"MsoNormal\" style=\"text-align: justify; text-indent: 14.2pt;\"><strong><span lang=\"ES-TRAD\">La escuela es el primer espacio p\u00fablico donde las ni\u00f1as y los ni\u00f1os inician su formaci\u00f3n ciudadana<\/span><\/strong><span lang=\"ES-TRAD\"> a partir de situaciones que les permitan poner en juego las pr\u00e1cticas del lenguaje, exponer sus propios argumentos, escuchar y respetar a los dem\u00e1s.<\/span><\/p>\n<p class=\"MsoNormal\" style=\"text-align: justify; text-indent: 14.2pt;\"><span lang=\"ES-TRAD\">En ambos ciclos <strong>a trav\u00e9s de las pr\u00e1cticas del lenguaje se fomenta el respeto a la diversidad cultural y la valoraci\u00f3n de la interculturalidad<\/strong>, ya que en las escuelas se abordan diferentes situaciones conflictivas que pueden expresarse en la vida escolar.<\/span><\/p>\n<p class=\"MsoNormal\" style=\"text-align: justify; text-indent: 14.2pt;\"><span lang=\"ES-TRAD\">Ubicarnos en posiciones pluralistas y democr\u00e1ticas son v\u00edas de demostraci\u00f3n que la escuela construye en la b\u00fasqueda del pleno ejercicio de la ciudadan\u00eda.<\/span><\/p>\n<p class=\"MsoNormal\" style=\"text-align: justify; text-indent: 14.2pt;\"><span lang=\"ES-TRAD\">En la situaci\u00f3n de ense\u00f1anza incide el aspecto edilicio, el cuidado de las im\u00e1genes sobre las paredes, la distribuci\u00f3n de las ni\u00f1as y los ni\u00f1os en el espacio f\u00edsico del aula, el desplazamiento de los y las docentes, el tono de sus intervenciones, la circulaci\u00f3n de la palabra. Estos factores no s\u00f3lo influyen en la actividad de todos en el sentido compartido de construir y mantener arm\u00f3nico el lugar de trabajo, sino, que pasa a formar parte de un contenido curricular.<\/span><\/p>\n<p class=\"MsoNormal\" style=\"text-align: justify; text-indent: 14.2pt;\"><span lang=\"ES-TRAD\">A trav\u00e9s de la did\u00e1ctica el docente debe generar condiciones para que las y los alumnos puedan comprometerse con el aprendizaje. Haciendo vivir el saber, preservando su sentido y apelando a una relaci\u00f3n como sujeto cognitivo. Este compromiso se concreta en el proceso mismo de la ense\u00f1anza, dentro del aula, donde se desarrollan actitudes, se hacen valer los derechos de hacer o\u00edr la propia voz, de escuchar a los otros e incorporar sus opiniones haciendo crecer las conceptualizaciones en la producci\u00f3n cooperativa.<\/span><\/p>\n<p class=\"MsoNormal\" style=\"text-align: justify; text-indent: 14.2pt;\"><span lang=\"ES-TRAD\">A modo de s\u00edntesis: se debe tener presente que <strong>el desaf\u00edo de la escuela es acompa\u00f1ar al alumno en el proceso de la construcci\u00f3n de la ciudadan\u00eda. <\/strong><\/span><\/p>\n<p class=\"MsoNormal\"><em><span lang=\"ES-TRAD\">&nbsp;<\/span><\/em><\/p>\n<p class=\"MsoNormal\" style=\"text-align: right;\"><em><span style=\"text-decoration: underline;\"><span style=\"font-size: 10pt;\" lang=\"ES-TRAD\">Fuente<\/span><\/span><\/em><em><span style=\"font-size: 10pt;\" lang=\"ES-TRAD\">: Dise\u00f1o Curricular de La Educaci\u00f3n Primaria.<\/span><\/em><\/p>\n<p class=\"MsoNormal\" style=\"text-align: right;\"><em><span style=\"text-decoration: underline;\"><span style=\"font-size: 10pt;\" lang=\"ES-TRAD\">C\u00e1tedra de Did\u00e1ctica de las Pr\u00e1cticas del Lenguaje y Literatura II. 3er. A\u00f1o. PEP- 2010-.<\/span><\/span><\/em><\/p>\n<p class=\"MsoNormal\" style=\"text-align: right;\"><em><span style=\"text-decoration: underline;\"><span style=\"font-size: 10pt;\" lang=\"ES-TRAD\"><br \/>\n<\/span><\/span><\/em><\/p>\n<p class=\"MsoNormal\" style=\"text-align: left;\"><em><span style=\"text-decoration: underline;\"><span style=\"font-size: 10pt;\" lang=\"ES-TRAD\">*************************************************************<br \/>\n<\/span><\/span><\/em><\/p>\n<p class=\"MsoNormal\" style=\"text-align: center;\"><strong><span style=\"text-decoration: underline;\"><span style=\"font-size: 20pt;\" lang=\"ES-AR\">La escuela primaria: un espacio para la formaci\u00f3n ciudadana<\/span><\/span><\/strong><\/p>\n<p class=\"MsoNormal\"><strong><span style=\"font-size: 20pt;\" lang=\"ES-AR\">&nbsp;<\/span><em><span style=\"font-size: 10pt;\" lang=\"ES-AR\">Por &nbsp;Bra\u00f1as, Daiana; Caro, Natalia; D\u00edaz, Roxana; Ferretto, Mar\u00eda In\u00e9s; R\u00edos, Florencia<\/span><\/em><\/strong><span lang=\"ES-AR\"><br \/>\n<\/span><\/p>\n<p class=\"MsoNormal\" style=\"text-align: justify;\"><span style=\"font-size: 12pt;\"><span style=\"font-family: tahoma,arial,helvetica,sans-serif;\"><span lang=\"ES-AR\"><span style=\"font-size: 24pt;\"><strong>L<\/strong><\/span>a escuela es el primer espacio p\u00fablico del que participan los ni\u00f1os y ni\u00f1as, donde tienen la oportunidad de formarse como participantes en la vida ciudadana utilizando el lenguaje para crear espacios m\u00e1s familiares; buscar consensos, argumentos, expresarse y opinar.<\/span><\/span><\/span><\/p>\n<p class=\"MsoNormal\" style=\"text-align: justify; text-indent: 19.85pt;\"><span style=\"font-size: 12pt;\"><span style=\"font-family: tahoma,arial,helvetica,sans-serif;\"><span lang=\"ES-AR\">El dise\u00f1o curricular propone desarrollar situaciones que permitan poner en juego las Pr\u00e1cticas del Lenguaje involucradas en la vida ciudadana:exponer argumentos propios, escuchar y tener en cuenta los de los dem\u00e1s, leer cr\u00edticamente los medios de comunicaci\u00f3n y expresarse espont\u00e1neamente en la propia variedad ling\u00fc\u00edstica, adecu\u00e1ndola a distintos contextos.<\/span><\/span><\/span><\/p>\n<p class=\"MsoNormal\" style=\"text-align: justify; text-indent: 19.85pt;\"><span style=\"font-size: 12pt;\"><span style=\"font-family: tahoma,arial,helvetica,sans-serif;\"><span lang=\"ES-AR\"><img decoding=\"async\" loading=\"lazy\" src=\"\" border=\"0\" width=\"423\" height=\"267\"><\/span><\/span><\/span><\/p>\n<p class=\"MsoNormal\" style=\"text-align: justify; text-indent: 19.85pt;\"><span style=\"font-size: 12pt;\"><span style=\"font-family: tahoma,arial,helvetica,sans-serif;\"><span lang=\"ES-AR\">Seg\u00fan Rafael Gagliano (Licenciado en Letras, Profesor de Historia y Docente de la UBA):<\/span><em><span lang=\"ES-AR\"> \u201cLa escuela debe crear ambientes m\u00e1s amigables, m\u00e1s dignos, m\u00e1s hermosos, impedir la reproducci\u00f3n mim\u00e9tica de la realidad y la replicaci\u00f3n de las atm\u00f3sferas hegem\u00f3nicas de las comunidades de las que los ni\u00f1os viven\u2026 La escuela es la instituci\u00f3n que puede generar distancia respecto a lo conocido, y ese es el \u00fanico modo de que los ni\u00f1os y las ni\u00f1as puedan volver a sus ambientes con otras miradas\u2026\u201d.<\/span><\/em><\/span><\/span><\/p>\n<p class=\"MsoNormal\" style=\"text-align: justify; text-indent: 19.85pt;\"><span lang=\"ES-AR\"><span style=\"font-size: 12pt;\"><span style=\"font-family: tahoma,arial,helvetica,sans-serif;\">Es compromiso y responsabilidad de la ense\u00f1anza hacer vivir el saber en el aula preservando su sentido y apelar al alumno para que entable una relaci\u00f3n con el saber, posicion\u00e1ndose como sujeto cognitivo. El problema did\u00e1ctico crucial es generar condiciones para que el alumno y la alumna puedan comprometerse con el aprendizaje, y en ese compromiso se desarrolla y progresa el ciudadano activo.<\/span><\/span><\/span><\/p>\n<p class=\"MsoNormal\" style=\"text-align: justify;\">&nbsp;<\/p>\n<p class=\"MsoNormal\" style=\"text-align: right;\"><em><span style=\"font-size: 10pt;\" lang=\"ES-AR\">Basado en: Dise\u00f1o&nbsp; Curricular, \u00c1rea de Pr\u00e1cticas del Lenguaje<\/span><\/em><\/p>\n<p class=\"MsoNormal\" style=\"text-align: right;\"><em><span style=\"text-decoration: underline;\"><span style=\"font-size: 10pt;\">C\u00e1tedra de Did\u00e1ctica de las Pr\u00e1cticas del Lenguaje y Literatura II. 3er. A\u00f1o. PEP- 2010-<\/span><\/span><\/em><\/p>\n<p class=\"MsoNormal\" style=\"text-align: right;\"><em><span style=\"text-decoration: underline;\"><span style=\"font-size: 10pt;\"><br \/>\n<\/span><\/span><\/em><\/p>\n<p class=\"MsoNormal\" style=\"text-align: left;\"><em><span style=\"text-decoration: underline;\"><span style=\"font-size: 10pt;\">**********************************************************<\/span><\/span><\/em><\/p>\n<p class=\"MsoNormal\">&nbsp;<\/p>\n<p class=\"MsoNormal\"><span style=\"font-size: 18pt;\">Desaf\u00edos con responsabilidad<\/span><\/p>\n<p class=\"MsoNormal\" style=\"text-align: center;\"><span style=\"font-size: 30pt;\">\u00bfNuevos ciudadanos?<\/span><\/p>\n<p class=\"MsoNormal\"><strong><em><span style=\"font-size: 10pt;\">C<span style=\"font-size: 12pt;\">arolina Carusso &#8211; Mar\u00eda Isabel Laballe &#8211; Vanesa Simonetti &#8211; Roxana Grasso<\/span><\/span><\/em><\/strong><\/p>\n<p class=\"MsoNormal\">&nbsp;<\/p>\n<p class=\"MsoNormal\" style=\"margin: 6pt 17pt; text-align: justify; text-indent: 17pt;\"><span style=\"font-family: book antiqua,palatino;\"><span style=\"font-size: 14pt;\">Los primeros pasos para la vida en la formaci\u00f3n ciudadana comienzan, posiblemente, en la escuela. En ella hay otros \u201cc\u00f3digos\u201d muy distintos a los que est\u00e1n acostumbrados los ni\u00f1os y las ni\u00f1as. En este marco, las pr\u00e1cticas del lenguaje se tornan esenciales, les permite expresar, argumentar, debatir y buscar consensos, adquiriendo competencias para la vida en sociedad.<\/span><\/span><\/p>\n<p class=\"MsoNormal\" style=\"margin: 6pt 17pt; text-align: justify; text-indent: 17pt;\"><span style=\"font-family: book antiqua,palatino;\"><span style=\"font-size: 14pt;\">La escuela debe asegurar la permanencia de los alumnos y las alumnas, evidenciando que su raz\u00f3n de ser, sea la democracia y la capacidad de encontrar en la diversidad, la ventaja pedag\u00f3gica. Debe ser un espacio abierto al cambio, flexible y de trabajo colectivo. Su aspecto edilicio es de suma importancia para la motivaci\u00f3n de los alumnos y las alumnas y, los y las docentes.<\/span><\/span><\/p>\n<p class=\"MsoNormal\" style=\"margin: 6pt 17pt; text-align: justify; text-indent: 17pt;\"><span style=\"font-family: book antiqua,palatino;\"><span style=\"font-size: 14pt;\">La educaci\u00f3n que se brinde debe partir de los saberes previos y experiencias de la vida diaria, favoreciendo la construcci\u00f3n del conocimiento y, generando el placer por interpretar lo cotidiano. El maestro o maestra siempre debe propiciar la circulaci\u00f3n de la palabra, creando un ambiente democr\u00e1tico donde todos opinen y todos decidan.<\/span><\/span><\/p>\n<p class=\"MsoNormal\" style=\"margin: 6pt 17pt; text-align: justify; text-indent: 17pt;\"><span style=\"font-size: 14pt;\"><span style=\"font-family: book antiqua,palatino;\">Se espera que la escuela dote de herramientas que permitan pensar el mundo, desnaturalizar lo obvio, interrogar y generar interrogantes, adaptarse a los cambios y dominar el idioma nacional, preservando la propia variedad ling\u00fc\u00edstica, formando buenos ciudadanos pensantes y cr\u00edticos.<\/span><\/span><\/p>\n<p class=\"MsoNormal\" style=\"margin: 6pt 17pt; text-align: justify; text-indent: 17pt;\"><span style=\"font-size: 14pt;\"><span style=\"font-family: book  antiqua,palatino;\"><img decoding=\"async\" loading=\"lazy\" src=\"\" border=\"0\" alt=\"Tira para art\u00edculo de DC\" title=\"Tira para art\u00edculo de DC\" width=\"439\" height=\"285\"><\/span><\/span><\/p>\n<p class=\"MsoNormal\" style=\"margin: 6pt 17pt; text-align: justify; text-indent: 17pt;\"><span style=\"font-size: 14pt;\"><span style=\"font-family: book antiqua,palatino;\"><br \/>\n<\/span><\/span><\/p>\n<p class=\"MsoNormal\" style=\"margin: 6pt 17pt; text-align: justify; text-indent: 17pt;\"><span style=\"font-size: 14pt;\"><span style=\"font-family: book antiqua,palatino;\"><br \/>\n<\/span><\/span><\/p>\n<p class=\"MsoNormal\"><span style=\"font-size: 14pt;\"><br \/>\n<\/span><\/p>\n<p class=\"MsoNormal\"><span style=\"font-size: 14pt;\"><br \/>\n<\/span><\/p>\n<p class=\"MsoNormal\">&nbsp;<\/p>\n<\/div>\n","protected":false},"excerpt":{"rendered":"<p>Formaci\u00f3n de una ciudadan\u00eda responsable &nbsp;La responsabilidad de la escuela primaria &nbsp;&nbsp;&nbsp;&nbsp;&nbsp; Por Andrada, D\u00e9bora; Callegari, Noelia; Dus, Flavia; Espinosa, Gabriela; Gonz\u00e1lez, Cintia; Guevara, J\u00e9sica; Halupa, Silvia; Ravazzano, Cristian; Schenone, Ludmila. Todos los derechos de los ciudadanos se concretan principalmente a trav\u00e9s del lenguaje oral o escrito. Por medio del di\u00e1logo y la palabra se &#8230; <a title=\"Art\u00edculos de Educaci\u00f3n\" class=\"read-more\" href=\"https:\/\/isfd142-bue.infd.edu.ar\/sitio\/articulos-de-educacion\/\" aria-label=\"More on Art\u00edculos de Educaci\u00f3n\">[+]<\/a><\/p>\n","protected":false},"author":7,"featured_media":0,"parent":0,"menu_order":0,"comment_status":"closed","ping_status":"closed","template":"","meta":[],"acf":[],"_links":{"self":[{"href":"https:\/\/isfd142-bue.infd.edu.ar\/sitio\/wp-json\/wp\/v2\/pages\/885"}],"collection":[{"href":"https:\/\/isfd142-bue.infd.edu.ar\/sitio\/wp-json\/wp\/v2\/pages"}],"about":[{"href":"https:\/\/isfd142-bue.infd.edu.ar\/sitio\/wp-json\/wp\/v2\/types\/page"}],"author":[{"embeddable":true,"href":"https:\/\/isfd142-bue.infd.edu.ar\/sitio\/wp-json\/wp\/v2\/users\/7"}],"replies":[{"embeddable":true,"href":"https:\/\/isfd142-bue.infd.edu.ar\/sitio\/wp-json\/wp\/v2\/comments?post=885"}],"version-history":[{"count":2,"href":"https:\/\/isfd142-bue.infd.edu.ar\/sitio\/wp-json\/wp\/v2\/pages\/885\/revisions"}],"predecessor-version":[{"id":2333,"href":"https:\/\/isfd142-bue.infd.edu.ar\/sitio\/wp-json\/wp\/v2\/pages\/885\/revisions\/2333"}],"wp:attachment":[{"href":"https:\/\/isfd142-bue.infd.edu.ar\/sitio\/wp-json\/wp\/v2\/media?parent=885"}],"curies":[{"name":"wp","href":"https:\/\/api.w.org\/{rel}","templated":true}]}}