{"id":874,"date":"2018-08-29T15:36:29","date_gmt":"2018-08-29T18:36:29","guid":{"rendered":"https:\/\/isfd142-bue.infd.edu.ar\/sitio\/ubicacion\/"},"modified":"2020-04-06T18:26:07","modified_gmt":"2020-04-06T21:26:07","slug":"ubicacion","status":"publish","type":"page","link":"https:\/\/isfd142-bue.infd.edu.ar\/sitio\/ubicacion\/","title":{"rendered":"Ubicaci\u00f3n"},"content":{"rendered":"<div style=\"mso-element: para-border-div; mso-border-shadow: yes; border: windowtext 3pt solid; padding: 1pt 4pt 1pt 4pt;\">\n<p class=\"MsoNormal\" style=\"margin: 0cm 0cm 6pt; text-indent: 1cm; line-height: normal; text-align: justify; mso-border-shadow: yes; mso-border-alt: solid windowtext 3.0pt; mso-padding-alt: 1.0pt 4.0pt 1.0pt 4.0pt; padding: 0cm;\"><span style=\"font-family: Calibri;\"><span style=\"font-size: 14pt; color: black; mso-fareast-font-family: 'Times New Roman'; mso-bidi-font-family: Arial; mso-fareast-language: ES; mso-ascii-font-family: Calibri; mso-hansi-font-family: Calibri;\"><br \/>\nEl Instituto Superior de Formaci\u00f3n Docente Nro. 142 est\u00e1 ubicado en la calle Rivadavia, frente a Plaza Sarav\u00ed, a pocas cuadras de la entrada principal de la ciudad. Pertenece a la <em style=\"mso-bidi-font-style: normal;\">Unidad Acad\u00e9mica de la Escuela Normal Superior \u00abFray Mamerto Esqui\u00fa\u00bb<\/em>.<\/span><\/span><\/p>\n<p class=\"MsoNormal\" style=\"margin: 0cm 0cm 10pt; text-indent: 14.2pt; line-height: normal; text-align: justify; mso-margin-top-alt: auto; mso-margin-bottom-alt: auto; mso-border-shadow: yes; mso-border-alt: solid windowtext 3.0pt; mso-padding-alt: 1.0pt 4.0pt 1.0pt 4.0pt; padding: 0cm;\"><span style=\"font-size: 14pt; color: black; mso-fareast-font-family: 'Times New Roman'; mso-bidi-font-family: 'Times New Roman'; mso-fareast-language: ES;\"><span style=\"font-family: Calibri;\">El elegante edificio que lo alberga se encuentra emplazado en la manzana comprendida entre las calles Manuel Quintana, San Mart\u00edn, Urquiza y Rivadavia, estando la entrada principal en esta \u00faltima arteria a la altura del 1165.<\/span><\/span><\/p>\n<p class=\"MsoNormal\" style=\"margin: 0cm 0cm 10pt; text-indent: 14.2pt; line-height: normal; text-align: justify; mso-margin-top-alt: auto; mso-margin-bottom-alt: auto; mso-border-shadow: yes; mso-border-alt: solid windowtext 3.0pt; mso-padding-alt: 1.0pt 4.0pt 1.0pt 4.0pt; padding: 0cm;\"><span style=\"font-size: 14pt; color: black; mso-fareast-font-family: 'Times New Roman'; mso-bidi-font-family: 'Times New Roman'; mso-fareast-language: ES;\"><span style=\"font-family: Calibri;\">\u00a0<\/span><\/span><span style=\"font-family: Calibri; font-size: 14pt; text-indent: 1cm;\">Hist\u00f3ricamente, el edificio es un lugar de encuentros, de tiempos compartidos. En su c\u00f3modo y amplio gimnasio se han llevado a cabo important\u00edsimos eventos de car\u00e1cter educativo, cultural y art\u00edstico tales como conferencias, presentaciones teatrales, recitales y, cada a\u00f1o, en el mes de septiembre, la tradicional <\/span><em style=\"font-family: Calibri; font-size: 14pt; text-indent: 1cm;\">Feria del Libro y la Cultura \u00abProfesor Miguel \u00c1ngel Iriberri\u00bb.<\/em><\/p>\n<p style=\"text-align: center;\"><em>Click en el enlace para ver la ubicaci\u00f3n y c\u00f3mo llegar<\/em><\/p>\n<p style=\"text-align: center;\"><a href=\"https:\/\/goo.gl\/maps\/vQdcgqp5qaoZq5vk7\">https:\/\/goo.gl\/maps\/vQdcgqp5qaoZq5vk7<\/a><\/p>\n<p>&nbsp;<\/p>\n<\/div>\n","protected":false},"excerpt":{"rendered":"<p>El Instituto Superior de Formaci\u00f3n Docente Nro. 142 est\u00e1 ubicado en la calle Rivadavia, frente a Plaza Sarav\u00ed, a pocas cuadras de la entrada principal de la ciudad. Pertenece a la Unidad Acad\u00e9mica de la Escuela Normal Superior \u00abFray Mamerto Esqui\u00fa\u00bb. El elegante edificio que lo alberga se encuentra emplazado en la manzana comprendida entre &#8230; <a title=\"Ubicaci\u00f3n\" class=\"read-more\" href=\"https:\/\/isfd142-bue.infd.edu.ar\/sitio\/ubicacion\/\" aria-label=\"More on Ubicaci\u00f3n\">[+]<\/a><\/p>\n","protected":false},"author":7,"featured_media":0,"parent":0,"menu_order":0,"comment_status":"closed","ping_status":"closed","template":"","meta":[],"acf":[],"_links":{"self":[{"href":"https:\/\/isfd142-bue.infd.edu.ar\/sitio\/wp-json\/wp\/v2\/pages\/874"}],"collection":[{"href":"https:\/\/isfd142-bue.infd.edu.ar\/sitio\/wp-json\/wp\/v2\/pages"}],"about":[{"href":"https:\/\/isfd142-bue.infd.edu.ar\/sitio\/wp-json\/wp\/v2\/types\/page"}],"author":[{"embeddable":true,"href":"https:\/\/isfd142-bue.infd.edu.ar\/sitio\/wp-json\/wp\/v2\/users\/7"}],"replies":[{"embeddable":true,"href":"https:\/\/isfd142-bue.infd.edu.ar\/sitio\/wp-json\/wp\/v2\/comments?post=874"}],"version-history":[{"count":6,"href":"https:\/\/isfd142-bue.infd.edu.ar\/sitio\/wp-json\/wp\/v2\/pages\/874\/revisions"}],"predecessor-version":[{"id":2198,"href":"https:\/\/isfd142-bue.infd.edu.ar\/sitio\/wp-json\/wp\/v2\/pages\/874\/revisions\/2198"}],"wp:attachment":[{"href":"https:\/\/isfd142-bue.infd.edu.ar\/sitio\/wp-json\/wp\/v2\/media?parent=874"}],"curies":[{"name":"wp","href":"https:\/\/api.w.org\/{rel}","templated":true}]}}