{"id":867,"date":"2018-08-29T15:36:27","date_gmt":"2018-08-29T18:36:27","guid":{"rendered":"https:\/\/isfd142-bue.infd.edu.ar\/sitio\/plan-de-estudios-3\/"},"modified":"2025-06-01T01:54:09","modified_gmt":"2025-06-01T04:54:09","slug":"plan-de-estudios-3","status":"publish","type":"page","link":"https:\/\/isfd142-bue.infd.edu.ar\/sitio\/plan-de-estudios-3\/","title":{"rendered":"Plan de estudio- Profesorado de Educaci\u00f3n Primaria"},"content":{"rendered":"<table style=\"width: 642px; height: 2214px;\" border=\"0\" cellspacing=\"0\" cellpadding=\"0\">\n<tbody>\n<tr>\n<td style=\"border: 1px solid #ffcc00;\">\n<p style=\"text-align: center;\"><span style=\"color: #888888; font-family: 'andale mono', times; font-size: 18pt;\"><strong>Cod<\/strong><\/span><\/p>\n<\/td>\n<td style=\"border: 1px solid #ffcc00; text-align: center;\"><span style=\"color: #888888; font-family: 'andale mono', times; font-size: 18pt;\"><strong>Materias<\/strong><\/span><\/td>\n<td style=\"border: 1px solid #ffcc00;\">\n<p style=\"text-align: center;\"><span style=\"color: #888888; font-family: 'andale mono', times; font-size: 18pt;\"><strong>Correlativas<\/strong><\/span><\/p>\n<\/td>\n<\/tr>\n<tr>\n<td style=\"border: 1px solid #ffcc00;\" colspan=\"3\">\n<p style=\"text-align: center;\"><span style=\"color: #ff6600; font-size: 14pt;\"><strong>Primer A\u00f1o<\/strong><\/span><\/p>\n<\/td>\n<\/tr>\n<tr>\n<td style=\"border: 1px solid #ffcc00;\"><span style=\"font-size: 12pt;\"><strong>1<\/strong><\/span><\/td>\n<td style=\"border: 1px solid #ffcc00;\"><span style=\"font-size: 12pt;\">Taller de Lectura, Escritura y Oralidad<\/span><\/td>\n<td style=\"border: 1px solid #ffcc00;\"><span style=\"font-size: 12pt;\">&nbsp;<\/span><\/td>\n<\/tr>\n<tr>\n<td style=\"border: 1px solid #ffcc00;\"><span style=\"font-size: 12pt;\"><strong>2<\/strong><\/span><\/td>\n<td style=\"border: 1px solid #ffcc00;\"><span style=\"font-size: 12pt;\">Taller de Pensamiento L\u00f3gico Matem\u00e1tico<\/span><\/td>\n<td style=\"border: 1px solid #ffcc00;\"><span style=\"font-size: 12pt;\">&nbsp;<\/span><\/td>\n<\/tr>\n<tr>\n<td style=\"border: 1px solid #ffcc00;\"><span style=\"font-size: 12pt;\"><strong>3<\/strong><\/span><\/td>\n<td style=\"border: 1px solid #ffcc00;\"><span style=\"font-size: 12pt;\">Taller de Definici\u00f3n Institucional &nbsp;<\/span><\/td>\n<td style=\"border: 1px solid #ffcc00;\"><span style=\"font-size: 12pt;\">&nbsp;<\/span><\/td>\n<\/tr>\n<tr>\n<td style=\"border: 1px solid #ffcc00;\"><span style=\"font-size: 12pt;\"><strong>4<\/strong><\/span><\/td>\n<td style=\"border: 1px solid #ffcc00;\"><span style=\"font-size: 12pt;\">Filosof\u00eda<\/span><\/td>\n<td style=\"border: 1px solid #ffcc00;\"><span style=\"font-size: 12pt;\">&nbsp;<\/span><\/td>\n<\/tr>\n<tr>\n<td style=\"border: 1px solid #ffcc00;\"><span style=\"font-size: 12pt;\"><strong>5<\/strong><\/span><\/td>\n<td style=\"border: 1px solid #ffcc00;\"><span style=\"font-size: 12pt;\">Did\u00e1ctica General<\/span><\/td>\n<td style=\"border: 1px solid #ffcc00;\"><span style=\"font-size: 12pt;\">&nbsp;<\/span><\/td>\n<\/tr>\n<tr>\n<td style=\"border: 1px solid #ffcc00;\"><span style=\"font-size: 12pt;\"><strong>6<\/strong><\/span><\/td>\n<td style=\"border: 1px solid #ffcc00;\"><span style=\"font-size: 12pt;\">Pedagog\u00eda &nbsp;<\/span><\/td>\n<td style=\"border: 1px solid #ffcc00;\"><span style=\"font-size: 12pt;\">&nbsp;<\/span><\/td>\n<\/tr>\n<tr>\n<td style=\"border: 1px solid #ffcc00;\"><span style=\"font-size: 12pt;\"><strong>7<\/strong><\/span><\/td>\n<td style=\"border: 1px solid #ffcc00;\"><span style=\"font-size: 12pt;\">An\u00e1lisis del Mundo Contempor\u00e1neo &nbsp;<\/span><\/td>\n<td style=\"border: 1px solid #ffcc00;\"><span style=\"font-size: 12pt;\">&nbsp;<\/span><\/td>\n<\/tr>\n<tr>\n<td style=\"border: 1px solid #ffcc00;\"><span style=\"font-size: 12pt;\"><strong>8<\/strong><\/span><\/td>\n<td style=\"border: 1px solid #ffcc00;\"><span style=\"font-size: 12pt;\">Psicolog\u00eda del Desarrollo y el Aprendizaje I<\/span><\/td>\n<td style=\"border: 1px solid #ffcc00;\"><span style=\"font-size: 12pt;\">&nbsp;<\/span><\/td>\n<\/tr>\n<tr>\n<td style=\"border: 1px solid #ffcc00;\"><span style=\"font-size: 12pt;\"><strong>9<\/strong><\/span><\/td>\n<td style=\"border: 1px solid #ffcc00;\"><span style=\"font-size: 12pt;\">Corporeidad y Motricidad<\/span><\/td>\n<td style=\"border: 1px solid #ffcc00;\"><span style=\"font-size: 12pt;\">&nbsp;<\/span><\/td>\n<\/tr>\n<tr>\n<td style=\"border: 1px solid #ffcc00;\"><span style=\"font-size: 12pt;\"><strong>10<\/strong><\/span><\/td>\n<td style=\"border: 1px solid #ffcc00;\"><span style=\"font-size: 12pt;\">Arte y Educaci\u00f3n<\/span><\/td>\n<td style=\"border: 1px solid #ffcc00;\"><span style=\"font-size: 12pt;\">&nbsp;<\/span><\/td>\n<\/tr>\n<tr>\n<td style=\"border: 1px solid #ffcc00;\"><span style=\"font-size: 12pt;\"><strong>11<\/strong><\/span><\/td>\n<td style=\"border: 1px solid #ffcc00;\"><span style=\"font-size: 12pt;\">Campo de la Pr\u00e1ctica Docente I<\/span><\/td>\n<td style=\"border: 1px solid #ffcc00;\"><span style=\"font-size: 12pt;\">&nbsp;<\/span><\/td>\n<\/tr>\n<tr>\n<td style=\"border: 1px solid #ffcc00;\" colspan=\"3\">\n<p style=\"text-align: center;\"><span style=\"font-size: 14pt; color: #ff6600;\"><strong>Segundo A\u00f1o<\/strong><\/span><\/p>\n<\/td>\n<\/tr>\n<tr>\n<td style=\"border: 1px solid #ffcc00;\"><span style=\"font-size: 12pt;\"><strong>12<\/strong><\/span><\/td>\n<td style=\"border: 1px solid #ffcc00;\"><span style=\"font-size: 12pt;\">Teor\u00edas Sociopol\u00edticas y Educaci\u00f3n<\/span><\/td>\n<td style=\"border: 1px solid #ffcc00;\"><span style=\"font-size: 12pt;\">&nbsp;<\/span><\/td>\n<\/tr>\n<tr>\n<td style=\"border: 1px solid #ffcc00;\"><span style=\"font-size: 12pt;\"><strong>13<\/strong><\/span><\/td>\n<td style=\"border: 1px solid #ffcc00;\"><span style=\"font-size: 12pt;\">Did\u00e1ctica y Curr\u00edculo de Nivel Primario<\/span><\/td>\n<td style=\"border: 1px solid #ffcc00;\"><span style=\"font-size: 12pt;\">5<\/span><\/td>\n<\/tr>\n<tr>\n<td style=\"border: 1px solid #ffcc00;\"><span style=\"font-size: 12pt;\"><strong>14<\/strong><\/span><\/td>\n<td style=\"border: 1px solid #ffcc00;\"><span style=\"font-size: 12pt;\">Psicolog\u00eda del Desarrollo y el Aprendizaje II<\/span><\/td>\n<td style=\"border: 1px solid #ffcc00;\"><span style=\"font-size: 12pt;\">8<\/span><\/td>\n<\/tr>\n<tr>\n<td style=\"border: 1px solid #ffcc00;\"><span style=\"font-size: 12pt;\"><strong>15<\/strong><\/span><\/td>\n<td style=\"border: 1px solid #ffcc00;\"><span style=\"font-size: 12pt;\">Psicolog\u00eda Social e Institucional<\/span><\/td>\n<td style=\"border: 1px solid #ffcc00;\"><span style=\"font-size: 12pt;\">&nbsp;<\/span><\/td>\n<\/tr>\n<tr>\n<td style=\"border: 1px solid #ffcc00;\"><span style=\"font-size: 12pt;\"><strong>16<\/strong><\/span><\/td>\n<td style=\"border: 1px solid #ffcc00;\"><span style=\"font-size: 12pt;\">Cultura, Comunicaci\u00f3n y Educaci\u00f3n<\/span><\/td>\n<td style=\"border: 1px solid #ffcc00;\"><span style=\"font-size: 12pt;\">&nbsp;<\/span><\/td>\n<\/tr>\n<tr>\n<td style=\"border: 1px solid #ffcc00;\"><span style=\"font-size: 12pt;\"><strong>17<\/strong><\/span><\/td>\n<td style=\"border: 1px solid #ffcc00;\"><span style=\"font-size: 12pt;\">Educaci\u00f3n Art\u00edstica &nbsp;<\/span><\/td>\n<td style=\"border: 1px solid #ffcc00;\"><span style=\"font-size: 12pt;\">&nbsp;<\/span><\/td>\n<\/tr>\n<tr>\n<td style=\"border: 1px solid #ffcc00;\"><span style=\"font-size: 12pt;\"><strong>18<\/strong><\/span><\/td>\n<td style=\"border: 1px solid #ffcc00;\"><span style=\"font-size: 12pt;\">Did\u00e1ctica de Pr\u00e1cticas del Lenguaje y la Literatura I<\/span><\/td>\n<td style=\"border: 1px solid #ffcc00;\"><span style=\"font-size: 12pt;\">1<\/span><\/td>\n<\/tr>\n<tr>\n<td style=\"border: 1px solid #ffcc00;\"><span style=\"font-size: 12pt;\"><strong>19<\/strong><\/span><\/td>\n<td style=\"border: 1px solid #ffcc00;\"><span style=\"font-size: 12pt;\">Did\u00e1ctica&nbsp;<\/span><span style=\"font-size: 12pt;\">de las Ciencias Sociales I &nbsp;<\/span><\/td>\n<td style=\"border: 1px solid #ffcc00;\"><span style=\"font-size: 12pt;\">&nbsp;<\/span><\/td>\n<\/tr>\n<tr>\n<td style=\"border: 1px solid #ffcc00;\"><span style=\"font-size: 12pt;\"><strong>20<\/strong><\/span><\/td>\n<td style=\"border: 1px solid #ffcc00;\"><span style=\"font-size: 12pt;\">Did\u00e1ctica de las Ciencias Naturales I<\/span><\/td>\n<td style=\"border: 1px solid #ffcc00;\"><span style=\"font-size: 12pt;\">&nbsp;<\/span><\/td>\n<\/tr>\n<tr>\n<td style=\"border: 1px solid #ffcc00;\"><span style=\"font-size: 12pt;\"><strong>21<\/strong><\/span><\/td>\n<td style=\"border: 1px solid #ffcc00;\"><span style=\"font-size: 12pt;\">Did\u00e1ctica de la Matem\u00e1tica I<\/span><\/td>\n<td style=\"border: 1px solid #ffcc00;\"><span style=\"font-size: 12pt;\">&nbsp;<\/span><\/td>\n<\/tr>\n<tr>\n<td style=\"border: 1px solid #ffcc00;\"><span style=\"font-size: 12pt;\"><strong>&nbsp;<\/strong><\/span><\/td>\n<td style=\"border: 1px solid #ffcc00;\"><span style=\"font-size: 12pt;\">Trayecto Formativo Opcional<\/span><\/td>\n<td style=\"border: 1px solid #ffcc00;\"><span style=\"font-size: 12pt;\">&nbsp;<\/span><\/td>\n<\/tr>\n<tr>\n<td style=\"border: 1px solid #ffcc00;\"><span style=\"font-size: 12pt;\"><strong>22<\/strong><\/span><\/td>\n<td style=\"border: 1px solid #ffcc00;\"><span style=\"font-size: 12pt;\">Campo de la Pr\u00e1ctica Docente II<\/span><\/td>\n<td style=\"border: 1px solid #ffcc00;\"><span style=\"font-size: 12pt;\">11<\/span><\/td>\n<\/tr>\n<tr>\n<td style=\"border: 1px solid #ffcc00;\" colspan=\"3\">\n<p style=\"text-align: center;\"><span style=\"color: #ff6600; font-size: 14pt;\"><strong>Tercer A\u00f1o<\/strong><\/span><\/p>\n<\/td>\n<\/tr>\n<tr>\n<td style=\"border: 1px solid #ffcc00;\"><span style=\"font-size: 12pt;\"><strong>23<\/strong><\/span><\/td>\n<td style=\"border: 1px solid #ffcc00;\"><span style=\"font-size: 12pt;\">Historia y Prospectiva de la Educaci\u00f3n<\/span><\/td>\n<td style=\"border: 1px solid #ffcc00;\"><span style=\"font-size: 12pt;\">6<\/span><\/td>\n<\/tr>\n<tr>\n<td style=\"border: 1px solid #ffcc00;\"><span style=\"font-size: 12pt;\"><strong>24<\/strong><\/span><\/td>\n<td style=\"border: 1px solid #ffcc00;\"><span style=\"font-size: 12pt;\">Pol\u00edticas, Legislaci\u00f3n y Administraci\u00f3n del Trabajo Escolar<\/span><\/td>\n<td style=\"border: 1px solid #ffcc00;\"><span style=\"font-size: 12pt;\">12<\/span><\/td>\n<\/tr>\n<tr>\n<td style=\"border: 1px solid #ffcc00;\"><span style=\"font-size: 12pt;\"><strong>25<\/strong><\/span><\/td>\n<td style=\"border: 1px solid #ffcc00;\"><span style=\"font-size: 12pt;\">Configuraciones Culturales del Sujeto Educativo de Primaria<\/span><\/td>\n<td style=\"border: 1px solid #ffcc00;\"><span style=\"font-size: 12pt;\">&nbsp;<\/span><\/td>\n<\/tr>\n<tr>\n<td style=\"border: 1px solid #ffcc00;\"><span style=\"font-size: 12pt;\"><strong>26<\/strong><\/span><\/td>\n<td style=\"border: 1px solid #ffcc00;\"><span style=\"font-size: 12pt;\">Medios Audiovisuales, TICs y Educaci\u00f3n<\/span><\/td>\n<td style=\"border: 1px solid #ffcc00;\"><span style=\"font-size: 12pt;\">&nbsp;<\/span><\/td>\n<\/tr>\n<tr>\n<td style=\"border: 1px solid #ffcc00;\"><span style=\"font-size: 12pt;\"><strong>27<\/strong><\/span><\/td>\n<td style=\"border: 1px solid #ffcc00;\"><span style=\"font-size: 12pt;\">Educaci\u00f3n F\u00edsica Escolar<\/span><\/td>\n<td style=\"border: 1px solid #ffcc00;\"><span style=\"font-size: 12pt;\">&nbsp;<\/span><\/td>\n<\/tr>\n<tr>\n<td style=\"border: 1px solid #ffcc00;\"><span style=\"font-size: 12pt;\"><strong>28<\/strong><\/span><\/td>\n<td style=\"border: 1px solid #ffcc00;\"><span style=\"font-size: 12pt;\">Did\u00e1ctica de Pr\u00e1cticas del Lenguaje y la Literatura II<\/span><\/td>\n<td style=\"border: 1px solid #ffcc00;\"><span style=\"font-size: 12pt;\">18<\/span><\/td>\n<\/tr>\n<tr>\n<td style=\"border: 1px solid #ffcc00;\"><span style=\"font-size: 12pt;\"><strong>29<\/strong><\/span><\/td>\n<td style=\"border: 1px solid #ffcc00;\"><span style=\"font-size: 12pt;\">Did\u00e1ctica de las Ciencias Sociales II<\/span><\/td>\n<td style=\"border: 1px solid #ffcc00;\"><span style=\"font-size: 12pt;\">19<\/span><\/td>\n<\/tr>\n<tr>\n<td style=\"border: 1px solid #ffcc00;\"><span style=\"font-size: 12pt;\"><strong>30<\/strong><\/span><\/td>\n<td style=\"border: 1px solid #ffcc00;\"><span style=\"font-size: 12pt;\">Did\u00e1ctica de las Ciencias Naturales II<\/span><\/td>\n<td style=\"border: 1px solid #ffcc00;\"><span style=\"font-size: 12pt;\">20<\/span><\/td>\n<\/tr>\n<tr>\n<td style=\"border: 1px solid #ffcc00;\"><span style=\"font-size: 12pt;\"><strong>31<\/strong><\/span><\/td>\n<td style=\"border: 1px solid #ffcc00;\"><span style=\"font-size: 12pt;\">Did\u00e1ctica de la Matem\u00e1tica II<\/span><\/td>\n<td style=\"border: 1px solid #ffcc00;\"><span style=\"font-size: 12pt;\">21<\/span><\/td>\n<\/tr>\n<tr>\n<td style=\"border: 1px solid #ffcc00;\"><span style=\"font-size: 12pt;\"><strong>&nbsp;<\/strong><\/span><\/td>\n<td style=\"border: 1px solid #ffcc00;\"><span style=\"font-size: 12pt;\">Trayecto Formativo Opcional<\/span><\/td>\n<td style=\"border: 1px solid #ffcc00;\"><span style=\"font-size: 12pt;\">&nbsp;<\/span><\/td>\n<\/tr>\n<tr>\n<td style=\"border: 1px solid #ffcc00;\"><span style=\"font-size: 12pt;\"><strong>32<\/strong><\/span><\/td>\n<td style=\"border: 1px solid #ffcc00;\"><span style=\"font-size: 12pt;\">Campo de la Pr\u00e1ctica Docente III<\/span><\/td>\n<td style=\"border: 1px solid #ffcc00;\"><span style=\"font-size: 12pt;\">13 &#8211; 18 &#8211; 19- 20 &#8211; 21 &#8211; 22<\/span><\/td>\n<\/tr>\n<tr>\n<td style=\"border: 1px solid #ffcc00;\"><strong>&nbsp;<\/strong><\/td>\n<td style=\"border: 1px solid #ffcc00;\">\n<p style=\"text-align: center;\"><span style=\"color: #ff6600; font-size: 14pt;\"><strong>Cuarto A\u00f1o<\/strong><\/span><\/p>\n<\/td>\n<td style=\"border: 1px solid #ffcc00;\">&nbsp;<\/td>\n<\/tr>\n<tr>\n<td style=\"border: 1px solid #ffcc00;\"><span style=\"font-size: 12pt;\"><strong>33<\/strong><\/span><\/td>\n<td style=\"border: 1px solid #ffcc00;\"><span style=\"font-size: 12pt;\">Reflexi\u00f3n Filos\u00f3fica de la Educaci\u00f3n Campo de la Pr\u00e1ctica Docente III<\/span><\/td>\n<td style=\"border: 1px solid #ffcc00;\"><span style=\"font-size: 12pt;\">32<\/span><\/td>\n<\/tr>\n<tr>\n<td style=\"border: 1px solid #ffcc00;\"><span style=\"font-size: 12pt;\"><strong>34<\/strong><\/span><\/td>\n<td style=\"border: 1px solid #ffcc00;\"><span style=\"font-size: 12pt;\">Dimensi\u00f3n \u00c9tico Pol\u00edtica de la Praxis Docente<\/span><\/td>\n<td style=\"border: 1px solid #ffcc00;\"><span style=\"font-size: 12pt;\">32<\/span><\/td>\n<\/tr>\n<tr>\n<td style=\"border: 1px solid #ffcc00;\"><span style=\"font-size: 12pt;\"><strong>35<\/strong><\/span><\/td>\n<td style=\"border: 1px solid #ffcc00;\"><span style=\"font-size: 12pt;\">Espacio de Definici\u00f3n Institucional<\/span><\/td>\n<td style=\"border: 1px solid #ffcc00;\"><span style=\"font-size: 12pt;\">&nbsp;<\/span><\/td>\n<\/tr>\n<tr>\n<td style=\"border: 1px solid #ffcc00;\"><span style=\"font-size: 12pt;\"><strong>36<\/strong><\/span><\/td>\n<td style=\"border: 1px solid #ffcc00;\"><span style=\"font-size: 12pt;\">Pedagog\u00eda Cr\u00edtica de las Diferencias<\/span><\/td>\n<td style=\"border: 1px solid #ffcc00;\"><span style=\"font-size: 12pt;\">&nbsp;<\/span><\/td>\n<\/tr>\n<tr>\n<td style=\"border: 1px solid #ffcc00;\"><span style=\"font-size: 12pt;\"><strong>37<\/strong><\/span><\/td>\n<td style=\"border: 1px solid #ffcc00;\"><span style=\"font-size: 12pt;\">Ateneo de Pr\u00e1cticas del Lenguaje y la Literatura<\/span><\/td>\n<td style=\"border: 1px solid #ffcc00;\"><span style=\"font-size: 12pt;\">28<\/span><\/td>\n<\/tr>\n<tr>\n<td style=\"border: 1px solid #ffcc00;\"><span style=\"font-size: 12pt;\"><strong>38<\/strong><\/span><\/td>\n<td style=\"border: 1px solid #ffcc00;\"><span style=\"font-size: 12pt;\">Ateneo de Ciencias Sociales<\/span><\/td>\n<td style=\"border: 1px solid #ffcc00;\"><span style=\"font-size: 12pt;\">29<\/span><\/td>\n<\/tr>\n<tr>\n<td style=\"border: 1px solid #ffcc00;\"><span style=\"font-size: 12pt;\"><strong>39<\/strong><\/span><\/td>\n<td style=\"border: 1px solid #ffcc00;\"><span style=\"font-size: 12pt;\">Ateneo de Ciencias Naturales<\/span><\/td>\n<td style=\"border: 1px solid #ffcc00;\"><span style=\"font-size: 12pt;\">30<\/span><\/td>\n<\/tr>\n<tr>\n<td style=\"border: 1px solid #ffcc00;\"><span style=\"font-size: 12pt;\"><strong>40<\/strong><\/span><\/td>\n<td style=\"border: 1px solid #ffcc00;\"><span style=\"font-size: 12pt;\">Ateneo de Matem\u00e1tica<\/span><\/td>\n<td style=\"border: 1px solid #ffcc00;\"><span style=\"font-size: 12pt;\">31<\/span><\/td>\n<\/tr>\n<tr>\n<td style=\"border: 1px solid #ffcc00;\"><span style=\"font-size: 12pt;\"><strong>41<\/strong><\/span><\/td>\n<td style=\"border: 1px solid #ffcc00;\"><span style=\"font-size: 12pt;\">Campo de la Pr\u00e1ctica Docente IV<\/span><\/td>\n<td style=\"border: 1px solid #ffcc00;\"><span style=\"font-size: 12pt;\">32 &#8211; 28 &#8211; 29 &#8211; 30 &#8211; 31<\/span><\/td>\n<\/tr>\n<\/tbody>\n<\/table>\n","protected":false},"excerpt":{"rendered":"<p>Cod Materias Correlativas Primer A\u00f1o 1 Taller de Lectura, Escritura y Oralidad &nbsp; 2 Taller de Pensamiento L\u00f3gico Matem\u00e1tico &nbsp; 3 Taller de Definici\u00f3n Institucional &nbsp; &nbsp; 4 Filosof\u00eda &nbsp; 5 Did\u00e1ctica General &nbsp; 6 Pedagog\u00eda &nbsp; &nbsp; 7 An\u00e1lisis del Mundo Contempor\u00e1neo &nbsp; &nbsp; 8 Psicolog\u00eda del Desarrollo y el Aprendizaje I &nbsp; 9 &#8230; <a title=\"Plan de estudio- Profesorado de Educaci\u00f3n Primaria\" class=\"read-more\" href=\"https:\/\/isfd142-bue.infd.edu.ar\/sitio\/plan-de-estudios-3\/\" aria-label=\"More on Plan de estudio- Profesorado de Educaci\u00f3n Primaria\">[+]<\/a><\/p>\n","protected":false},"author":7,"featured_media":0,"parent":0,"menu_order":1,"comment_status":"closed","ping_status":"closed","template":"","meta":[],"acf":[],"_links":{"self":[{"href":"https:\/\/isfd142-bue.infd.edu.ar\/sitio\/wp-json\/wp\/v2\/pages\/867"}],"collection":[{"href":"https:\/\/isfd142-bue.infd.edu.ar\/sitio\/wp-json\/wp\/v2\/pages"}],"about":[{"href":"https:\/\/isfd142-bue.infd.edu.ar\/sitio\/wp-json\/wp\/v2\/types\/page"}],"author":[{"embeddable":true,"href":"https:\/\/isfd142-bue.infd.edu.ar\/sitio\/wp-json\/wp\/v2\/users\/7"}],"replies":[{"embeddable":true,"href":"https:\/\/isfd142-bue.infd.edu.ar\/sitio\/wp-json\/wp\/v2\/comments?post=867"}],"version-history":[{"count":3,"href":"https:\/\/isfd142-bue.infd.edu.ar\/sitio\/wp-json\/wp\/v2\/pages\/867\/revisions"}],"predecessor-version":[{"id":2864,"href":"https:\/\/isfd142-bue.infd.edu.ar\/sitio\/wp-json\/wp\/v2\/pages\/867\/revisions\/2864"}],"wp:attachment":[{"href":"https:\/\/isfd142-bue.infd.edu.ar\/sitio\/wp-json\/wp\/v2\/media?parent=867"}],"curies":[{"name":"wp","href":"https:\/\/api.w.org\/{rel}","templated":true}]}}