{"id":861,"date":"2018-08-29T15:36:25","date_gmt":"2018-08-29T18:36:25","guid":{"rendered":"https:\/\/isfd142-bue.infd.edu.ar\/sitio\/docentes\/"},"modified":"2021-07-22T17:31:52","modified_gmt":"2021-07-22T20:31:52","slug":"docentes","status":"publish","type":"page","link":"https:\/\/isfd142-bue.infd.edu.ar\/sitio\/docentes\/","title":{"rendered":"Profesorado de Educaci\u00f3n Especial"},"content":{"rendered":"<h2 style=\"text-align: center;\"><span style=\"color: #0000ff;\"><strong>El Profesorado de Educaci\u00f3n Especial, Modalidad Discapacidad Intelectual<\/strong><\/span><\/h2>\n<p>\u00a0 Hoy, con proyectos de inclusi\u00f3n en todos los niveles de la ense\u00f1anza se requiere de docentes con condiciones profesionales y personales \u00f3ptimas para guiar las trayectorias educativas de los alumnos con distintos tipos de discapacidad.<\/p>\n<p style=\"text-align: left;\">\u00a0 El\/la Profesor\/a de Educaci\u00f3n Especial ha de formarse, recuperar y reinstituir en su acci\u00f3n y en su reflexi\u00f3n, la pluralidad de miradas que permitan repensar la relaci\u00f3n y que promueva la inclusi\u00f3n. Un\/a maestro\/a especialista en la pedagog\u00eda de la diversidad, que recupere el sentido de la docencia en sociedades en crisis y contextos de transformaciones culturales permanentes.<\/p>\n","protected":false},"excerpt":{"rendered":"<p>El Profesorado de Educaci\u00f3n Especial, Modalidad Discapacidad Intelectual \u00a0 Hoy, con proyectos de inclusi\u00f3n en todos los niveles de la ense\u00f1anza se requiere de docentes con condiciones profesionales y personales \u00f3ptimas para guiar las trayectorias educativas de los alumnos con distintos tipos de discapacidad. \u00a0 El\/la Profesor\/a de Educaci\u00f3n Especial ha de formarse, recuperar y &#8230; <a title=\"Profesorado de Educaci\u00f3n Especial\" class=\"read-more\" href=\"https:\/\/isfd142-bue.infd.edu.ar\/sitio\/docentes\/\" aria-label=\"More on Profesorado de Educaci\u00f3n Especial\">[+]<\/a><\/p>\n","protected":false},"author":7,"featured_media":0,"parent":0,"menu_order":0,"comment_status":"closed","ping_status":"closed","template":"","meta":[],"acf":[],"_links":{"self":[{"href":"https:\/\/isfd142-bue.infd.edu.ar\/sitio\/wp-json\/wp\/v2\/pages\/861"}],"collection":[{"href":"https:\/\/isfd142-bue.infd.edu.ar\/sitio\/wp-json\/wp\/v2\/pages"}],"about":[{"href":"https:\/\/isfd142-bue.infd.edu.ar\/sitio\/wp-json\/wp\/v2\/types\/page"}],"author":[{"embeddable":true,"href":"https:\/\/isfd142-bue.infd.edu.ar\/sitio\/wp-json\/wp\/v2\/users\/7"}],"replies":[{"embeddable":true,"href":"https:\/\/isfd142-bue.infd.edu.ar\/sitio\/wp-json\/wp\/v2\/comments?post=861"}],"version-history":[{"count":7,"href":"https:\/\/isfd142-bue.infd.edu.ar\/sitio\/wp-json\/wp\/v2\/pages\/861\/revisions"}],"predecessor-version":[{"id":2298,"href":"https:\/\/isfd142-bue.infd.edu.ar\/sitio\/wp-json\/wp\/v2\/pages\/861\/revisions\/2298"}],"wp:attachment":[{"href":"https:\/\/isfd142-bue.infd.edu.ar\/sitio\/wp-json\/wp\/v2\/media?parent=861"}],"curies":[{"name":"wp","href":"https:\/\/api.w.org\/{rel}","templated":true}]}}