{"id":839,"date":"2018-08-29T15:36:23","date_gmt":"2018-08-29T18:36:23","guid":{"rendered":"https:\/\/isfd142-bue.infd.edu.ar\/sitio\/en-el-periodico\/"},"modified":"2021-08-05T21:24:00","modified_gmt":"2021-08-06T00:24:00","slug":"en-el-periodico","status":"publish","type":"page","link":"https:\/\/isfd142-bue.infd.edu.ar\/sitio\/en-el-periodico\/","title":{"rendered":"En el Peri\u00f3dico La Libertad"},"content":{"rendered":"<p style=\"text-align: justify;\"><span style=\"font-size: 12pt; color: #333399;\">&nbsp;Un a\u00f1o m\u00e1s,&nbsp;compartimos las columnas que, quincenalmente, el Instituto publica en el Peri\u00f3dico La Libertad, de San Andr\u00e9s de Giles.<\/span><\/p>\n<p style=\"text-align: justify;\"><span style=\"font-size: 12pt; color: #333399;\">&nbsp;Algunos de los textos, tal como se indica al final de ellos, son producciones de docentes y de estudiantes. Reflejan la actividad que le da vida a la Instituci\u00f3n, exponen una forma de hacer, invitan a conocer y a acercarse a un \u00e1mbito donde el trabajo colaborativo signa los logros. Otros, se elaboran institucionalmente por eso no llevan la firma del autor.<\/span><\/p>\n<p style=\"text-align: justify;\"><span style=\"font-size: 12pt; color: #333399;\">&nbsp; &nbsp; &nbsp;Se encuentran ordenados en forma decreciente respecto de la fecha de la publicaci\u00f3n. Se debe hacer clic sobre los t\u00edtulos para leer columna completa.<\/span><\/p>\n<p style=\"text-align: justify;\"><span style=\"font-size: 12pt;\"><span style=\"color: #333399;\">&nbsp; &nbsp;&nbsp;<\/span><\/span><\/p>\n<p><span style=\"color: #ff0000; font-size: 12pt;\"><strong>PUBLICACIONES 2016<\/strong><\/span><\/p>\n<p style=\"text-align: center;\"><span style=\"font-size: 10pt;\">XII FERIA DEL LIBRO Y LA CULTURA \u201cProfesor Miguel \u00c1ngel Iriberri\u201d<\/span><\/p>\n<p style=\"text-align: center;\"><span style=\"font-size: 14pt;\"><strong><a title=\"LaLibertad11-2016\" href=\"upload\/ISFD142-11-_Agosto29-.doc\" target=\"_blank\" rel=\"noopener\">UN ESCENARIO Y UNA PROTAGONISTA: LA PALABRA<\/a><\/strong><\/span><\/p>\n<p style=\"text-align: justify;\"><span style=\"font-size: 12pt;\"><em>A lo largo de doce a\u00f1os, la Feria del Libro local se ha constituido en un esperado espacio donde mostrar, donde mirar, escuchar, compartir y hacer junto a otros, para todos.<\/em><\/span><\/p>\n<p style=\"text-align: center;\"><span style=\"font-size: 12pt;\"><em>&#8212;&#8212;&#8212;&#8212;&#8212;&#8212;&#8212;&#8212;&#8212;&#8212;&#8212;&#8212;&#8212;&#8212;&#8212;&#8212;&#8212;&#8212;&#8212;&#8212;&#8212;&#8212;&#8212;<\/em><\/span><\/p>\n<p>\u00bfLA LIBERTAD DE VER?<\/p>\n<p><span style=\"font-size: 14pt;\"><strong><a title=\"LaLibertad10-2016-\" href=\"upload\/ISFD142-10-_Agosto16-.doc\" target=\"_blank\" rel=\"noopener\">DESAFINADAS MELOD\u00cdAS<\/a><\/strong><\/span><\/p>\n<p style=\"text-align: justify;\"><span style=\"font-size: 12pt;\"><em>El autor reflexiona acerca de algunos t\u00f3picos de esta era globalizada en la que la libertad suele ser la caricatura del mercado.<\/em><\/span><\/p>\n<p style=\"text-align: center;\"><span style=\"font-size: 12pt;\"><em>&#8212;&#8212;&#8212;&#8212;&#8212;&#8212;&#8212;&#8212;&#8212;&#8212;&#8212;&#8212;&#8212;&#8212;&#8212;&#8212;&#8212;&#8212;&#8212;&#8212;&#8212;&#8212;&#8211;<\/em><\/span><\/p>\n<p>&nbsp;<span style=\"font-size: 10pt;\">UN A\u00d1O DE BICENTENARIO<\/span><\/p>\n<p><span style=\"font-size: 12pt;\"><strong><a title=\"LaLibertad8- 2016\" href=\"upload\/ISFD142-8-Julio12-.pdf\" target=\"_blank\" rel=\"noopener\">DE CELESTE, BLANCO Y LIBERTAD<\/a><\/strong><\/span><\/p>\n<p style=\"text-align: justify;\">&nbsp;<span style=\"font-size: 10pt;\"><em>Los festejos iniciados con el homenaje a Delia Etcheverry, hallan su continuidad en cada fecha patria en la que el ISFD 142 se re\u00fane en pos de la reflexi\u00f3n para hacer real el ejercicio democr\u00e1tico.<\/em><\/span><\/p>\n<p style=\"text-align: center;\">&nbsp;&#8212;&#8212;&#8212;&#8212;&#8212;&#8212;&#8212;&#8212;&#8212;&#8212;&#8212;&#8212;&#8212;&#8212;&#8212;&#8212;&#8212;&#8212;&#8212;&#8212;&#8212;&#8212;&#8212;&#8212;&#8212;&#8212;&#8212;&#8212;&#8212;&#8212;&#8212;&#8212;&#8212;&#8211;<\/p>\n<p style=\"text-align: justify;\"><span style=\"font-size: 10pt;\">EL PRIMER D\u00cdA DE LOS DOSCIENTOS A\u00d1OS<\/span><\/p>\n<p style=\"text-align: justify;\">&nbsp;<span style=\"font-size: 12pt;\"><strong><a title=\"LaLibertad6- 2016\" href=\"upload\/ISFD142-6-Junio14-.pdf\" target=\"_blank\" rel=\"noopener\">GILENSE, EDUCADORA Y SOCIALISTA<\/a><\/strong><\/span><\/p>\n<p style=\"text-align: justify;\"><span style=\"font-size: 10pt;\"><em>Con un homenaje a Delia Etcheverry, notable personalidad del mundo de la educaci\u00f3n y del socialismo argentino, se iniciaron en nuestra ciudad los festejos del Bicentenario de la Declaraci\u00f3n de la Independencia.<\/em><\/span><\/p>\n<p style=\"text-align: center;\"><span style=\"font-size: 10pt;\"><em>&#8212;&#8212;&#8212;&#8212;&#8212;&#8212;&#8212;&#8212;&#8212;&#8212;&#8212;&#8212;&#8212;&#8212;&#8212;&#8212;&#8212;&#8212;&#8212;&#8212;&#8212;&#8212;&#8212;&#8212;&#8212;&#8212;&#8212;&#8212;-<\/em><\/span><\/p>\n<p><span style=\"font-size: 12pt;\"><a title=\"LaLibertad5- 2016\" href=\"upload\/ISFD142-5-Mayo31-.pdf\" target=\"_blank\" rel=\"noopener\">\u201c<\/a><span style=\"text-decoration: underline;\"><a title=\"LaLibertad5- 2016\" href=\"upload\/ISFD142-5-Mayo31-.pdf\" target=\"_blank\" rel=\"noopener\">DON QUIJOTE EN EL BAR 2 DE MAYO\u201d<\/a><\/span><\/span><\/p>\n<p><strong><em>\u201cApenas hab\u00eda el rubicundo Apolo tendido en la faz de la ancha y espaciosa tierra las hebras de sus hermosos cabellos\u201d [\u2026] el famoso caballero Don Quijote de la Mancha y su fiel compa\u00f1ero Sancho Panza, llegaron al Bar 2 de Mayo de la localidad de San Andr\u00e9s de Giles atra\u00eddos por la afamada fiesta Nacional del Chancho asado con pelo. <\/em><\/strong>(Producido por estudiantes y docente del Profesorado de Lengua y Literatura- Mayo 31 de 2016)<\/p>\n<p style=\"text-align: center;\">&#8212;&#8212;&#8212;&#8212;&#8212;&#8212;&#8212;&#8212;&#8212;&#8212;&#8212;&#8212;&#8212;&#8212;&#8212;&#8212;&#8212;&#8212;&#8212;&#8212;&#8212;&#8212;&#8212;&#8212;&#8212;&#8212;&#8212;&#8212;&#8212;&#8212;&#8211;<\/p>\n<p>EL ISFD 142 PRESENTE EN ROSARIO<\/p>\n<p><span style=\"font-size: 12pt;\"><strong><a title=\"LaLibertad4- 2016\" href=\"upload\/ISFD142-4-Mayo16-.pdf\" target=\"_blank\" rel=\"noopener\">UN CLICK PARA APRENDER MEJOR<\/a><\/strong><\/span><\/p>\n<p><em>El 13 y el 14 de mayo se realiz\u00f3 en Rosario, Santa Fe, el Segundo Congreso&nbsp; Regional de Educaci\u00f3n y Salud. \u201cCrecer y aprender en contextos digitales\u201d ha sido&nbsp;el eje de reflexiones y propuestas en torno de la educaci\u00f3n y la salud. All\u00ed estuvieron las profesoras Pollier y Zeballos presentando <\/em><em>experiencias de innovaci\u00f3n pedag\u00f3gica con TIC, TAC y TEP en la formaci\u00f3n docente.<\/em> (Mayo 16 de 2016)<\/p>\n<p style=\"text-align: center;\">&#8212;&#8212;&#8212;&#8212;&#8212;&#8212;&#8212;&#8212;&#8212;&#8212;&#8212;&#8212;&#8212;&#8212;&#8212;&#8212;&#8212;&#8212;&#8212;&#8212;&#8212;&#8212;&#8212;&#8212;&#8212;&#8212;&#8212;&#8212;&#8212;&#8212;<\/p>\n<p>Aulas a cielo abierto<\/p>\n<p><span style=\"font-size: 12pt;\"><strong><a title=\"LaLibertad3- 2016\" href=\"upload\/ISFD142-3-Mayo2-.pdf\" target=\"_blank\" rel=\"noopener\">EL VIAJAR ES UN PLACER&nbsp;<\/a><\/strong><strong><a title=\"LaLibertad3- 2016\" href=\"upload\/ISFD142-3-Mayo2-.pdf\" target=\"_blank\" rel=\"noopener\">QUE NOS SUELE SUCEDER<\/a>\u2026<\/strong><\/span><\/p>\n<p><em>El valor pedag\u00f3gico de la salida educativa reside en lo que tiene de encuentro con otros y de apertura hacia ambientes menos cercanos o no tan cotidianos, que permiten regresar a la propia realidad para mirarla con otros ojos. <\/em>(Mayo 2 de 2016)<\/p>\n<p style=\"text-align: center;\"><span style=\"color: #000000; font-size: 12pt;\">&#8212;&#8212;&#8212;&#8212;&#8212;&#8212;&#8212;&#8212;&#8212;&#8212;&#8212;&#8212;&#8212;&#8212;&#8212;&#8212;&#8212;&#8212;&#8212;&#8212;&#8212;-<\/span><\/p>\n<p style=\"text-align: justify;\"><span style=\"font-family: arial, helvetica, sans-serif; font-size: 12pt;\"><span style=\"font-family: arial, helvetica, sans-serif;\"><strong><a title=\"LaLibertad2- 2016\" href=\"upload\/ISFD142-2-Abril18-.pdf\" target=\"_blank\" rel=\"noopener\">\u00abBorges, Shakespeare, Cervantes, El Bosco, el Inca Garcilaso de la Vega, un 2016 de grandes festejos\u00bb<\/a><\/strong><\/span><\/span><\/p>\n<address><span style=\"font-size: 8pt;\">Producido por estudiantes y docente del Profesorado de Lengua y Literatura (Abril 18 de 2016)<\/span><\/address>\n<address><span style=\"font-size: 8pt;\">&#8212;&#8212;&#8212;&#8212;&#8212;&#8212;&#8212;&#8212;&#8212;&#8212;&#8212;&#8212;&#8212;&#8212;&#8212;&#8212;&#8212;&#8212;&#8212;&#8212;&#8212;&#8212;&#8212;&#8212;&#8212;&#8212;&#8212;&#8212;&#8212;&#8212;&#8212;&#8212;-<\/span><\/address>\n<address><span style=\"color: #0000ff; font-size: 12pt;\"><strong><a title=\"LaLibertad1-2016\" href=\"upload\/ISFD142-1-Abril6-.pdf\" target=\"_blank\" rel=\"noopener\">PROTAGONISTAS: Una manera de pensar al estudiante<\/a><\/strong><\/span><\/address>\n<p><em><span style=\"color: #000000;\">A cuarenta y un a\u00f1os de su creaci\u00f3n, el Instituto Superior de Formaci\u00f3n Docente Nro 142 ha dado comienzo al ciclo lectivo con la formaci\u00f3n de ingreso de los nuevos estudiantes que aspiran a ser docentes en la Educaci\u00f3n Primaria o en la Educaci\u00f3n Secundaria. <\/span><\/em><span style=\"color: #000000;\">(Abril 6 de 2016)<\/span><\/p>\n<p>&nbsp;<\/p>\n<p><span style=\"font-size: 12pt; color: #ff0000;\"><strong>PUBLICACIONES 2015<\/strong><\/span><\/p>\n<p><img decoding=\"async\" loading=\"lazy\" title=\"\" src=\"https:\/\/isfd142-bue.infd.edu.ar\/sitio\/wp-content\/uploads\/2018\/08\/PeriodicoLaLibertad-.png\" border=\"0\" alt=\"\" width=\"71\" height=\"95\"><\/p>\n<p>ENSE\u00d1AR CIENCIAS NATURALES<\/p>\n<p><span style=\"color: #3366ff;\"><strong><a title=\"Plantas Nativas\" href=\"upload\/ISFD142-8-Agosto01-.pdf\" target=\"_blank\" rel=\"noopener\">PLANTAS NATIVAS EN EL AMBIENTE VIRTUAL<\/a><\/strong><\/span><\/p>\n<p><span style=\"font-size: 8pt;\"><em>Tecnolog\u00edas de la Informaci\u00f3n y la Comunicaci\u00f3n, <\/em><em>plantas, estudiantes, profesores y la ciudad educadora: El aula de la formaci\u00f3n docente<\/em><\/span><\/p>\n<p>MITAD DE RECORRIDO<\/p>\n<p><strong><a title=\"ArtLaLibertad7-\" href=\"upload\/ISFD142-7-_Julio28-.pdf\" target=\"_blank\" rel=\"noopener\">APENAS UNA PAUSA<\/a><\/strong><\/p>\n<p style=\"text-align: justify;\"><strong><em>Un a\u00f1o para celebrar la historia y el porvenir<\/em><\/strong><em> ilustrado por <strong>La importancia de leer<\/strong> en el recorrido de <strong>Senderos<\/strong> en los que se descubre <strong>El placer de hacer con otros<\/strong>. Porque <strong>Juntos a la par<\/strong> es posible vivir <\/em><strong><em>Una tarde distinta con cuentos, poes\u00edas, caricias y risas<\/em><\/strong><em>. (<\/em>Julio 2015)<\/p>\n<p>&#8212;&#8212;&#8212;&#8212;&#8212;&#8212;&#8212;&#8212;&#8212;&#8212;&#8212;&#8212;&#8212;&#8212;&#8212;&#8212;&#8212;&#8212;&#8212;&#8212;&#8212;&#8212;&#8212;&#8212;&#8212;&#8212;&#8212;&#8212;&#8212;&#8212;&#8212;&#8212;&#8212;&#8212;<\/p>\n<p><a title=\"ArtLaLibertad6-\" href=\"upload\/ISFD142-6-Julio14-.pdf\" target=\"_blank\" rel=\"noopener\">\u201cLEER POR EL PLACER DE LEER\u201d EN EL HOGAR JORGE COLL<\/a><\/p>\n<p><strong>Una tarde distinta: cuentos, poes\u00edas, caricias y risas<\/strong><\/p>\n<p style=\"text-align: justify;\"><em>\u201cDe los diversos instrumentos inventados por el hombre, el m\u00e1s asombroso es el libro; todos los dem\u00e1s son extensiones de su cuerpo\u2026 S\u00f3lo el libro es una extensi\u00f3n de la imaginaci\u00f3n y la memoria\u201d.<\/em>Jorge Luis Borges (Julio 2015)<\/p>\n<p>&#8212;&#8212;&#8212;&#8212;&#8212;&#8212;&#8212;&#8212;&#8212;&#8212;&#8212;&#8212;&#8212;&#8212;&#8212;&#8212;&#8212;&#8212;&#8212;&#8212;&#8212;&#8212;&#8212;&#8212;&#8212;&#8212;&#8212;&#8212;&#8212;&#8212;&#8212;&#8212;&#8212;&#8212;<\/p>\n<p>EXPERIENCIAS PEDAG\u00d3GICAS<\/p>\n<p><strong><a title=\"ArtLaLibertad5-\" href=\"upload\/ISFD142-5-Junio29-.pdf\" target=\"_blank\" rel=\"noopener\">JUNTOS, A LA PAR<\/a><\/strong><\/p>\n<p style=\"text-align: justify;\"><em>Desde hace algunos a\u00f1os, los estudiantes del Profesorado en Educaci\u00f3n Primaria (de Segundo A\u00f1o), comparten una experiencia de aproximaci\u00f3n etnogr\u00e1fica de trabajo de campo en las aulas del Primer y Segundo Ciclo de la Escuela de Educaci\u00f3n Primaria Nro 26, gracias a la apertura del Equipo Directivo y Docente de la Instituci\u00f3n que recibe a las estudiantes para abrirles las puertas del aula y con ello, las puertas al mundo de la docencia. (Junio 2015)<\/em><\/p>\n<p>&#8212;&#8212;&#8212;&#8212;&#8212;&#8212;&#8212;&#8212;&#8212;&#8212;&#8212;&#8212;&#8212;&#8212;&#8212;&#8212;&#8212;&#8212;&#8212;&#8212;&#8212;&#8212;&#8212;&#8212;&#8212;&#8212;&#8212;&#8212;&#8212;&#8212;&#8212;&#8212;&#8212;&#8212;<\/p>\n<p>MODOS DE LEER<\/p>\n<p><strong><a title=\"ArtLaLibertad4-\" href=\"upload\/ISFD142-4-Junio15-.pdf\" target=\"_blank\" rel=\"noopener\">EL PLACER DE HACER CON OTROS<\/a><\/strong><\/p>\n<p style=\"text-align: justify;\"><em>Una campa\u00f1a para fomentar la lectura que nos une en el placer de leer por leer.<\/em><\/p>\n<p style=\"text-align: justify;\"><em>La propuesta consisti\u00f3 en desarrollar distintos tipos de actividades fomentando la lectura en las que la escuela abri\u00f3 sus puertas para que padres, madres, abuelas, abuelos, hermanos, deportistas, narradoras de clubes de narradores, docentes jubiladas &nbsp;puedan compartir la lectura. (Junio 2015)<\/em><\/p>\n<p>&nbsp;&#8212;&#8212;&#8212;&#8212;&#8212;&#8212;&#8212;&#8212;&#8212;&#8212;&#8212;&#8212;&#8212;&#8212;&#8212;&#8212;&#8212;&#8212;&#8212;&#8212;&#8212;&#8212;&#8212;&#8212;&#8212;&#8212;&#8212;&#8212;&#8212;&#8212;&#8212;&#8212;&#8212;&#8211;<\/p>\n<p><span style=\"color: #0000ff;\"><strong><a title=\"ArtLaLibertad3-\" href=\"upload\/ISFD142-3-Junio2-.pdf\" target=\"_blank\" rel=\"noopener\"><span style=\"color: #0000ff;\">SENDEROS<\/span><\/a><\/strong><\/span><\/p>\n<p style=\"text-align: justify;\"><em>Las salidas educativas fortalecen la autonom\u00eda, la creatividad y el sentido cr\u00edtico de los estudiantes. El ISFD 142 sostiene desde su proyecto institucional, el valor educativo, did\u00e1ctico y social de este recurso educativo. (Juniio 2015)<\/em><\/p>\n<p><strong>&#8212;&#8212;&#8212;&#8212;&#8212;&#8212;&#8212;&#8212;&#8212;&#8212;&#8212;&#8212;&#8212;&#8212;&#8212;&#8212;&#8212;&#8212;&#8212;&#8212;&#8212;&#8212;&#8212;&#8212;&#8212;&#8212;&#8212;&#8212;&#8212;&#8212;&#8212;&#8212;&#8212;&#8212;<\/strong><\/p>\n<p><strong>LA IMPORTANCIA DE LEER<\/strong><\/p>\n<p><span style=\"font-size: 12pt;\"><strong><em><a title=\"ArtLaLibertad2-\" href=\"upload\/ISFD142-2-Mayo19-.pdf\" target=\"_blank\" rel=\"noopener\">\u00bfQu\u00e9 es leer?<\/a><\/em><\/strong><\/span><\/p>\n<p><em>Estudiantes de Primer A\u00f1o del Profesorado de Educaci\u00f3n Primaria leyeron textos de Paulo Freire y elaboraron los propios. (Mayo 2015)<\/em><\/p>\n<p><em>&nbsp; &nbsp;<span style=\"color: #000000;\">&nbsp;\ufeff&#8212;&#8212;&#8212;&#8212;&#8212;&#8212;&#8212;&#8212;&#8212;&#8212;&#8212;&#8212;&#8212;&#8212;&#8212;&#8212;&#8212;&#8212;&#8212;&#8212;&#8212;&#8212;&#8212;&#8212;&#8212;&#8212;&#8212;&#8212;&#8212;&#8212;&#8212;&#8212;&#8212;<\/span><\/em><\/p>\n<p>LA FORMACI\u00d3N DE DOCENTES<\/p>\n<p><strong><a title=\"ArtLaLibertad1-\" href=\"upload\/ISFD142-1-Mayo4-.pdf\" target=\"_blank\" rel=\"noopener\">UN A\u00d1O PARA CELEBRAR LA HISTORIA Y EL PORVENIR<\/a><\/strong><\/p>\n<p style=\"text-align: justify;\"><em>El Instituto Superior de Formaci\u00f3n Docente Nro 142 celebra, este a\u00f1o, su cuadrag\u00e9simo&nbsp; aniversario. Sin duda, es un a\u00f1o para celebrar la formaci\u00f3n de educadores en nuestra ciudad.- (Mayo 2015)<\/em><\/p>\n<p style=\"text-align: justify;\">&nbsp;<\/p>\n","protected":false},"excerpt":{"rendered":"<p>&nbsp;Un a\u00f1o m\u00e1s,&nbsp;compartimos las columnas que, quincenalmente, el Instituto publica en el Peri\u00f3dico La Libertad, de San Andr\u00e9s de Giles. &nbsp;Algunos de los textos, tal como se indica al final de ellos, son producciones de docentes y de estudiantes. Reflejan la actividad que le da vida a la Instituci\u00f3n, exponen una forma de hacer, invitan &#8230; <a title=\"En el Peri\u00f3dico La Libertad\" class=\"read-more\" href=\"https:\/\/isfd142-bue.infd.edu.ar\/sitio\/en-el-periodico\/\" aria-label=\"More on En el Peri\u00f3dico La Libertad\">[+]<\/a><\/p>\n","protected":false},"author":7,"featured_media":0,"parent":0,"menu_order":0,"comment_status":"closed","ping_status":"closed","template":"","meta":[],"acf":[],"_links":{"self":[{"href":"https:\/\/isfd142-bue.infd.edu.ar\/sitio\/wp-json\/wp\/v2\/pages\/839"}],"collection":[{"href":"https:\/\/isfd142-bue.infd.edu.ar\/sitio\/wp-json\/wp\/v2\/pages"}],"about":[{"href":"https:\/\/isfd142-bue.infd.edu.ar\/sitio\/wp-json\/wp\/v2\/types\/page"}],"author":[{"embeddable":true,"href":"https:\/\/isfd142-bue.infd.edu.ar\/sitio\/wp-json\/wp\/v2\/users\/7"}],"replies":[{"embeddable":true,"href":"https:\/\/isfd142-bue.infd.edu.ar\/sitio\/wp-json\/wp\/v2\/comments?post=839"}],"version-history":[{"count":2,"href":"https:\/\/isfd142-bue.infd.edu.ar\/sitio\/wp-json\/wp\/v2\/pages\/839\/revisions"}],"predecessor-version":[{"id":2338,"href":"https:\/\/isfd142-bue.infd.edu.ar\/sitio\/wp-json\/wp\/v2\/pages\/839\/revisions\/2338"}],"wp:attachment":[{"href":"https:\/\/isfd142-bue.infd.edu.ar\/sitio\/wp-json\/wp\/v2\/media?parent=839"}],"curies":[{"name":"wp","href":"https:\/\/api.w.org\/{rel}","templated":true}]}}