{"id":828,"date":"2018-08-29T15:36:19","date_gmt":"2018-08-29T18:36:19","guid":{"rendered":"https:\/\/isfd142-bue.infd.edu.ar\/sitio\/documentacion-oficial\/"},"modified":"2025-06-01T01:42:10","modified_gmt":"2025-06-01T04:42:10","slug":"documentacion-oficial","status":"publish","type":"page","link":"https:\/\/isfd142-bue.infd.edu.ar\/sitio\/documentacion-oficial\/","title":{"rendered":"Documentaci\u00f3n Oficial"},"content":{"rendered":"<ul>\n<li><span style=\"color: #3366ff;\"><strong style=\"font-size: 14pt;\"><a title=\"Reglamento General de las Instituciones Educativas de la Provincia de Buenos Aires\" href=\"upload\/ReglGralinstEduc.pdf\" target=\"_blank\" rel=\"noopener\"><span style=\"color: #3366ff;\">Reglamento General de las Instituciones Educativas de la Provincia de Buenos Aires<\/span><\/a>.-<\/strong><\/span><\/li>\n<li><span style=\"color: #3366ff;\"><strong style=\"font-size: 14pt;\"><a href=\"upload\/LeyProvincialDeEducaci%F3nBsAs-13688-.pdf\" target=\"_blank\" rel=\"noopener\"><span style=\"color: #3366ff;\">Ley Provincial de<\/span><\/a><\/strong><\/span><span style=\"color: #3366ff;\"><strong style=\"font-size: 14pt;\"><a href=\"upload\/LeyProvincialDeEducaci%F3nBsAs-13688-.pdf\" target=\"_blank\" rel=\"noopener\"><span style=\"color: #3366ff;\">Ed<\/span><\/a><\/strong><strong style=\"font-size: 14pt;\"><a href=\"upload\/LeyProvincialDeEducaci%F3nBsAs-13688-.pdf\" target=\"_blank\" rel=\"noopener\"><span style=\"color: #3366ff;\">ucaci\u00f3n- 13.688<\/span><\/a><\/strong><\/span><\/li>\n<li><span style=\"color: #3366ff;\"><strong style=\"font-size: 14pt;\"><a href=\"upload\/EstatutoCPES-Res4042-09-Anexo_1.pdf\" target=\"_blank\" rel=\"noopener\"><span style=\"color: #3366ff;\">Estatuto del Consejo Provincial de Educaci\u00f3n Superior (Resol. 4042\/09)<\/span><\/a><\/strong><\/span><\/li>\n<li><span style=\"color: #3366ff;\"><strong style=\"font-size: 14pt;\"><a title=\"Consejo Acad\u00e9mico Institucional\" href=\"upload\/MarcoNormativoCAIRes404409Anexo.doc\"><span style=\"color: #3366ff;\">Marco Normativo del Consejo Acad\u00e9mico Institucional<\/span><\/a><\/strong><\/span><span style=\"color: #3366ff;\"><strong style=\"font-size: 14pt;\"><span style=\"color: #3366ff;\">.<\/span><\/strong><\/span><\/li>\n<li><span style=\"color: #3366ff;\"><strong style=\"font-size: 14pt;\"><a title=\"Resol5856\" href=\"upload\/Resol5886-CoberturaDeCatedra-.pdf\" target=\"_blank\" rel=\"noopener\"><span style=\"color: #3366ff;\">Resoluci\u00f3n 5886- Cobertura de C\u00e1tedra.<\/span><\/a><\/strong><\/span><span style=\"color: #3366ff;\"><strong style=\"font-size: 14pt;\"><span style=\"color: #3366ff;\"><br \/>\n<\/span><\/strong><\/span><\/li>\n<li><span style=\"color: #3366ff;\"><strong style=\"font-size: 14pt;\"><span style=\"color: #3366ff;\"><a title=\"-AyudanteDeC\u00e1tedra-\" href=\"upload\/Resolucion3121-AyudanteDeCatedra-.pdf\" target=\"_blank\" rel=\"noopener\">Resoluci\u00f3n 3121- Ayudante de C\u00e1tedra<\/a><\/span><\/strong><\/span><\/li>\n<li><span style=\"font-size: 14pt; color: #3366ff;\"><strong>\u00a0<a title=\"Circular30-ProyectoDeCatedra\" href=\"upload\/Disposicion30-PlanificacionCatedra-.pdf\" target=\"_blank\" rel=\"noopener\"><span style=\"color: #3366ff;\">Diposici\u00f3n<\/span><\/a><a title=\"Circular30-ProyectoDeCatedra\" href=\"upload\/Disposicion30-PlanificacionCatedra-.pdf\" target=\"_blank\" rel=\"noopener\"><span style=\"color: #3366ff;\">\u00a030- Planificaci\u00f3n de C\u00e1tedra-<\/span><\/a><\/strong><\/span><\/li>\n<li><span style=\"font-size: 14pt; color: #3366ff;\"><strong><span style=\"color: #3366ff;\"><a title=\"PlanEvaluaci\u00f3nInstitucional\" href=\"upload\/PlanInstitucionalDEvaluacion-2015.doc\" target=\"_blank\" rel=\"noopener\">Plan Institucional de Evaluaci\u00f3n<\/a><\/span><\/strong><\/span><\/li>\n<\/ul>\n","protected":false},"excerpt":{"rendered":"<p>Reglamento General de las Instituciones Educativas de la Provincia de Buenos Aires.- Ley Provincial deEducaci\u00f3n- 13.688 Estatuto del Consejo Provincial de Educaci\u00f3n Superior (Resol. 4042\/09) Marco Normativo del Consejo Acad\u00e9mico Institucional. Resoluci\u00f3n 5886- Cobertura de C\u00e1tedra. Resoluci\u00f3n 3121- Ayudante de C\u00e1tedra \u00a0Diposici\u00f3n\u00a030- Planificaci\u00f3n de C\u00e1tedra- Plan Institucional de Evaluaci\u00f3n<\/p>\n","protected":false},"author":7,"featured_media":0,"parent":0,"menu_order":0,"comment_status":"closed","ping_status":"closed","template":"","meta":[],"acf":[],"_links":{"self":[{"href":"https:\/\/isfd142-bue.infd.edu.ar\/sitio\/wp-json\/wp\/v2\/pages\/828"}],"collection":[{"href":"https:\/\/isfd142-bue.infd.edu.ar\/sitio\/wp-json\/wp\/v2\/pages"}],"about":[{"href":"https:\/\/isfd142-bue.infd.edu.ar\/sitio\/wp-json\/wp\/v2\/types\/page"}],"author":[{"embeddable":true,"href":"https:\/\/isfd142-bue.infd.edu.ar\/sitio\/wp-json\/wp\/v2\/users\/7"}],"replies":[{"embeddable":true,"href":"https:\/\/isfd142-bue.infd.edu.ar\/sitio\/wp-json\/wp\/v2\/comments?post=828"}],"version-history":[{"count":2,"href":"https:\/\/isfd142-bue.infd.edu.ar\/sitio\/wp-json\/wp\/v2\/pages\/828\/revisions"}],"predecessor-version":[{"id":2860,"href":"https:\/\/isfd142-bue.infd.edu.ar\/sitio\/wp-json\/wp\/v2\/pages\/828\/revisions\/2860"}],"wp:attachment":[{"href":"https:\/\/isfd142-bue.infd.edu.ar\/sitio\/wp-json\/wp\/v2\/media?parent=828"}],"curies":[{"name":"wp","href":"https:\/\/api.w.org\/{rel}","templated":true}]}}