{"id":821,"date":"2018-08-29T15:36:15","date_gmt":"2018-08-29T18:36:15","guid":{"rendered":"https:\/\/isfd142-bue.infd.edu.ar\/sitio\/publicaciones-de-docentes\/"},"modified":"2021-07-27T11:56:29","modified_gmt":"2021-07-27T14:56:29","slug":"publicaciones-de-docentes","status":"publish","type":"page","link":"https:\/\/isfd142-bue.infd.edu.ar\/sitio\/publicaciones-de-docentes\/","title":{"rendered":"Publicaciones de docentes"},"content":{"rendered":"<p style=\"text-align: center;\">\n<p style=\"text-align: center;\"><span style=\"font-size: 14pt; color: #008000;\"><strong style=\"text-align: justify;\"><strong>-A\u00f1o 2020-<\/strong><\/strong><\/span><\/p>\n<h5>\u201c<strong>A\u00f1o del General Manuel Belgrano\u201d: lecturas y proyectos para la reflexi\u00f3n en la formaci\u00f3n docente<\/strong><\/h5>\n<p>Prof. Mar\u00eda In\u00e9s Amanti.\u00a0Prof. Adelina Masaroni.\u00a0Lic. Karina Pollier.<\/p>\n<p>Revista <strong>Anales de la Educaci\u00f3n Com\u00fan. <\/strong>Vol. 1 N\u00fam. 1-2 (2020): Bicentenarios de la Provincia de Buenos Aires y del fallecimiento de Manuel Belgrano, pp. 130-144. Disponible en <a href=\"https:\/\/cendie.abc.gob.ar\/revistas\/index.php\/revistaanales\">https:\/\/cendie.abc.gob.ar\/revistas\/index.php\/revistaanales<\/a><\/p>\n<p><span style=\"font-size: inherit;\">Dossier:\u00a0<\/span><a href=\"https:\/\/cendie.abc.gob.ar\/revistas\/index.php\/revistaanales\/article\/view\/34\">https:\/\/cendie.abc.gob.ar\/revistas\/index.php\/revistaanales\/article\/view\/34<\/a><\/p>\n<p style=\"text-align: center;\"><span style=\"font-size: 14pt; color: #008000;\"><strong style=\"text-align: justify;\"><strong>-A\u00f1o 2018-<\/strong><\/strong><\/span><\/p>\n<p><span style=\"font-size: 14pt;\"><strong><a title=\"ArtGhessi-LaGranGuerra\" href=\"upload\/Ghessi_-La_gran_guerra.Planificacion_economica_y_ganancia_empresarial-.pdf\" target=\"_blank\" rel=\"noopener\">La Gran Guerra (1914-1918)<\/a>\u00a0<\/strong><span style=\"font-size: 10pt;\">(Click sobre el link para acceder al art\u00edculo completo)<\/span><\/span><\/p>\n<p style=\"text-align: center;\"><span style=\"font-size: 12pt;\"><em>Planificaci\u00f3n econ\u00f3mica y ganancia empresarial en Alemania 1914-1918. Luchas por la hegemon\u00eda en el control del Departamento de Materias Primas: poder pol\u00edtico, militar y econ\u00f3mico.<\/em><\/span><\/p>\n<p style=\"text-align: right;\"><span style=\"font-size: 10pt;\">Profesor Fernando Jos\u00e9 Ghessi- Profesorado de Historia-\u00a0<\/span><\/p>\n<p style=\"text-align: center;\">\n<p style=\"text-align: center;\"><span style=\"font-size: 14pt; color: #008000;\"><strong style=\"text-align: justify;\"><strong>-A\u00f1o 2017-<\/strong><\/strong><\/span><\/p>\n<p><span style=\"font-family: tahoma, arial, helvetica, sans-serif; font-size: 12pt;\"><em>An\u00e1lisis tecno-productivo de la reapertura de un establecimiento textil en el escenario de la recuperaci\u00f3n econ\u00f3mica. <\/em><\/span><\/p>\n<p style=\"text-align: center;\"><strong><span style=\"font-family: tahoma, arial, helvetica, sans-serif; font-size: 12pt;\"><em><a title=\"An\u00e1lTecnoproductivo-GhessiOtrxs-\" href=\"upload\/Ghessi-Escobar-Analisis-tecnoproductivo-de-la-reapertua-de-un-establecimiento-textil.pdf\" target=\"_blank\" rel=\"noopener\">El caso ALGOSELAN-FLANDRIA (2002-2007)<\/a><\/em><\/span><\/strong><\/p>\n<p>&#8211;\u00a0<span style=\"font-size: 10pt;\">\u00a0\u00a0Escobar, Mariana Andrea (UNLu)<\/span><\/p>\n<p><span style=\"font-size: 10pt;\">&#8211;\u00a0 Ghessi, Fernando Jos\u00e9 (UNLu)<\/span><\/p>\n<p><span style=\"font-size: 10pt;\">&#8211;\u00a0 \u00a0Mello, Florencia Eliana (UNLu)<\/span><\/p>\n<p><span style=\"font-size: 10pt;\">&#8211;\u00a0 \u00a0Rodr\u00edguez, Mar\u00eda Sol (UNLu)<\/span><\/p>\n<p><span style=\"font-size: 10pt;\">&#8211;\u00a0 \u00a0Varela, Gonzalo Javier (UNLu)<\/span><\/p>\n<p style=\"text-align: center;\">\n<p style=\"text-align: center;\"><span style=\"font-size: 14pt; color: #008000;\"><strong style=\"text-align: justify;\">-A\u00f1o 2015-<\/strong><\/span><\/p>\n<p style=\"text-align: justify;\"><span style=\"font-size: 12pt; color: #000000; font-family: tahoma, arial, helvetica, sans-serif;\"><em>\u00abLa informaci\u00f3n que se transforma en conocimiento para la participaci\u00f3n. Aprendizaje aut\u00f3nomo e inteligencia colectiva\u00bb- <\/em>Profesoras<em>\u00a0<\/em>Marcela Zeballos y Karina Pollier,\u00a0Revista Novedades Educativas 299, noviembre 2015.<strong style=\"text-align: justify;\">\u00a0<\/strong><\/span><\/p>\n<p style=\"text-align: left;\"><span style=\"font-size: 10pt; color: #000000;\">\u00a0<a href=\"http:\/\/www.noveduc.com\/fichaLibro?bookId=1121\">http:\/\/www.noveduc.com\/fichaLibro?bookId=1121<\/a><\/span><\/p>\n<p style=\"text-align: center;\"><span style=\"font-size: 14pt; color: #008000;\"><strong style=\"text-align: justify;\">-A\u00f1o 2013-<\/strong><\/span><\/p>\n<p style=\"text-align: left;\"><span style=\"font-size: 12pt;\"><strong><span style=\"color: #0000ff;\"><a href=\"http:\/\/cedoc.infd.edu.ar\/upload\/08Ecosistemas_acuaticos.pdf\">Ecosistemas Acu\u00e1ticos-<\/a> <\/span><\/strong><span style=\"color: #0000ff;\"><span style=\"color: #000000;\">Profesora Mar\u00eda Sol Carissimo-<\/span><\/span><\/span><\/p>\n<p style=\"text-align: center;\"><span style=\"font-size: 14pt; color: #008000;\"><strong style=\"text-align: justify;\">-A\u00f1o 2012-<\/strong><\/span><\/p>\n<p style=\"text-align: justify;\"><span style=\"text-decoration: underline; color: #008000;\"><strong>En la p\u00e1gina De Historia e Historias<\/strong><\/span><\/p>\n<p style=\"text-align: justify;\"><span style=\"font-size: 12pt;\"><strong><a title=\"De Historia e Historias\" href=\"index.cgi?wid_item=42&amp;wid_seccion=10\">De la teor\u00eda de la cultura participativa a la participaci\u00f3n en el \u00e1mbito educativo-<\/a>\u00a0<\/strong><\/span>Profesores Diego Rols y Nicol\u00e1s Pierri.<\/p>\n<p style=\"text-align: justify;\">(El texto fue elaborado para la Jornada 1 de la semana <em>\u00bfQueremos Saber de Qu\u00e9 Se trata?<\/em>, en el marco de las acciones para la renovaci\u00f3n del CAI).<\/p>\n<p style=\"text-align: justify;\"><span style=\"text-decoration: underline; color: #008000;\"><strong>En la p\u00e1gina Enfoques<\/strong><\/span><\/p>\n<p class=\"MsoNormal\" style=\"margin: 0cm 0cm 10pt; text-align: justify;\"><span style=\"font-size: 12pt;\"><strong><a title=\"Enfoques\" href=\"index.cgi?wid_item=45&amp;wid_seccion=10\">El enfoque Colaborativo: Las Comunidades de Pr\u00e1ctica-<\/a> <\/strong><span style=\"font-size: 10pt;\">Profesor Fabi\u00e1n Triolo.<\/span><\/span><\/p>\n<p class=\"MsoNormal\" style=\"margin: 0cm 0cm 10pt; text-align: justify;\"><span style=\"font-size: 12pt;\"><span style=\"font-size: 10pt;\">(El texto fue elaborado para la Jornada 2 de la semana\u00a0<em>\u00bfQueremos Saber de Qu\u00e9 Se trata?<\/em>, en el marco de las acciones para la renovaci\u00f3n del CAI).<br \/>\n<\/span><\/span><\/p>\n","protected":false},"excerpt":{"rendered":"<p>-A\u00f1o 2020- \u201cA\u00f1o del General Manuel Belgrano\u201d: lecturas y proyectos para la reflexi\u00f3n en la formaci\u00f3n docente Prof. Mar\u00eda In\u00e9s Amanti.\u00a0Prof. Adelina Masaroni.\u00a0Lic. Karina Pollier. Revista Anales de la Educaci\u00f3n Com\u00fan. Vol. 1 N\u00fam. 1-2 (2020): Bicentenarios de la Provincia de Buenos Aires y del fallecimiento de Manuel Belgrano, pp. 130-144. Disponible en https:\/\/cendie.abc.gob.ar\/revistas\/index.php\/revistaanales Dossier:\u00a0https:\/\/cendie.abc.gob.ar\/revistas\/index.php\/revistaanales\/article\/view\/34 &#8230; <a title=\"Publicaciones de docentes\" class=\"read-more\" href=\"https:\/\/isfd142-bue.infd.edu.ar\/sitio\/publicaciones-de-docentes\/\" aria-label=\"More on Publicaciones de docentes\">[+]<\/a><\/p>\n","protected":false},"author":7,"featured_media":0,"parent":0,"menu_order":0,"comment_status":"closed","ping_status":"closed","template":"","meta":[],"acf":[],"_links":{"self":[{"href":"https:\/\/isfd142-bue.infd.edu.ar\/sitio\/wp-json\/wp\/v2\/pages\/821"}],"collection":[{"href":"https:\/\/isfd142-bue.infd.edu.ar\/sitio\/wp-json\/wp\/v2\/pages"}],"about":[{"href":"https:\/\/isfd142-bue.infd.edu.ar\/sitio\/wp-json\/wp\/v2\/types\/page"}],"author":[{"embeddable":true,"href":"https:\/\/isfd142-bue.infd.edu.ar\/sitio\/wp-json\/wp\/v2\/users\/7"}],"replies":[{"embeddable":true,"href":"https:\/\/isfd142-bue.infd.edu.ar\/sitio\/wp-json\/wp\/v2\/comments?post=821"}],"version-history":[{"count":4,"href":"https:\/\/isfd142-bue.infd.edu.ar\/sitio\/wp-json\/wp\/v2\/pages\/821\/revisions"}],"predecessor-version":[{"id":2316,"href":"https:\/\/isfd142-bue.infd.edu.ar\/sitio\/wp-json\/wp\/v2\/pages\/821\/revisions\/2316"}],"wp:attachment":[{"href":"https:\/\/isfd142-bue.infd.edu.ar\/sitio\/wp-json\/wp\/v2\/media?parent=821"}],"curies":[{"name":"wp","href":"https:\/\/api.w.org\/{rel}","templated":true}]}}