{"id":813,"date":"2018-08-29T15:36:13","date_gmt":"2018-08-29T18:36:13","guid":{"rendered":"https:\/\/isfd142-bue.infd.edu.ar\/sitio\/profesorado-en-lengua-y-literatura\/"},"modified":"2025-05-31T22:30:59","modified_gmt":"2025-06-01T01:30:59","slug":"profesorado-en-lengua-y-literatura","status":"publish","type":"page","link":"https:\/\/isfd142-bue.infd.edu.ar\/sitio\/profesorado-en-lengua-y-literatura\/","title":{"rendered":"Profesorado en Lengua y Literatura"},"content":{"rendered":"<p class=\"MsoNormal\" style=\"text-align: justify; line-height: normal; text-indent: 14.2pt; margin: 6pt 0cm;\"><strong style=\"mso-bidi-font-weight: normal;\"><span lang=\"ES-TRAD\" style=\"font-family: 'Century','serif'; color: #17365d; font-size: 14pt; mso-bidi-font-family: 'Times New Roman'; mso-themecolor: text2; mso-themeshade: 191; mso-fareast-font-family: 'Times New Roman'; mso-fareast-language: ES-AR; mso-ansi-language: ES-TRAD;\">Aprender y ense\u00f1ar la Lengua y la Literatura<\/span><\/strong><\/p>\n<p class=\"MsoNormal\" style=\"text-align: justify; line-height: normal; text-indent: 14.2pt; margin: 6pt 0cm;\"><span lang=\"ES-TRAD\" style=\"font-family: 'Century','serif'; font-size: 12pt; mso-bidi-font-family: 'Times New Roman'; mso-fareast-font-family: 'Times New Roman'; mso-fareast-language: ES-AR; mso-ansi-language: ES-TRAD;\">En las \u00faltimas d\u00e9cadas se han producido notables avances en los diferentes campos disciplinares y did\u00e1ctico-metodol\u00f3gicos que conforman la disciplina. En funci\u00f3n de los mismos, se propone un enfoque funcional de la gram\u00e1tica, con el que se posibilita la reflexi\u00f3n sobre el lenguaje mediante el estudio de los elementos que constituyen los discursos.<\/span><\/p>\n<p class=\"MsoNormal\" style=\"text-align: justify; line-height: normal; text-indent: 14.2pt; margin: 6pt 0cm;\"><span lang=\"ES-TRAD\" style=\"font-family: 'Century','serif'; font-size: 12pt; mso-bidi-font-family: 'Times New Roman'; mso-fareast-font-family: 'Times New Roman'; mso-fareast-language: ES-AR; mso-ansi-language: ES-TRAD;\">En ese marco, cabe esperar el mejoramiento de las propias pr\u00e1cticas del alumno en tanto int\u00e9rprete y productor de diversidad de textos. Los textos se constituyen en dimensi\u00f3n estrat\u00e9gica de la formalizaci\u00f3n del pensamiento y la lengua asume el car\u00e1cter de realizaci\u00f3n, producto de una actividad, de un uso adecuado. La preparaci\u00f3n para su futura tarea espec\u00edfica, impone que el alumno reflexione acerca de las pr\u00e1cticas de lectura y escritura como pr\u00e1cticas sociales.<\/span><\/p>\n<p class=\"MsoNormal\" style=\"text-align: justify; line-height: normal; text-indent: 14.2pt; margin: 6pt 0cm;\"><span lang=\"ES-TRAD\" style=\"font-family: 'Century','serif'; font-size: 12pt; mso-bidi-font-family: 'Times New Roman'; mso-fareast-font-family: 'Times New Roman'; mso-fareast-language: ES-AR; mso-ansi-language: ES-TRAD;\">En consecuencia, profundizar\u00e1 en el conocimiento de los procesos y de las estrategias propias de los actos de lectura, entendidos como procesos din\u00e1micos de interacci\u00f3n entre lector y texto.<\/span><\/p>\n<p class=\"MsoNormal\" style=\"text-align: justify; line-height: normal; text-indent: 14.2pt; margin: 6pt 0cm;\"><span lang=\"ES-TRAD\" style=\"font-family: 'Century','serif'; font-size: 12pt; mso-bidi-font-family: 'Times New Roman'; mso-fareast-font-family: 'Times New Roman'; mso-fareast-language: ES-AR; mso-ansi-language: ES-TRAD;\">Debe conocer, tambi\u00e9n, las caracter\u00edsticas espec\u00edficas de la lengua escrita, las funciones que cumple en la sociedad y sus circunstancias de producci\u00f3n.<\/span><\/p>\n<p class=\"MsoNormal\" style=\"text-align: justify; line-height: normal; text-indent: 14.2pt; margin: 6pt 0cm;\"><span lang=\"ES-TRAD\" style=\"font-family: 'Century','serif'; font-size: 12pt; mso-bidi-font-family: 'Times New Roman'; mso-fareast-font-family: 'Times New Roman'; mso-fareast-language: ES-AR; mso-ansi-language: ES-TRAD;\">El dominio de los discursos orales, considerado imprescindible, deber\u00e1 manifestarse tanto en el conocimiento de sus variadas formas y de las normas que regulan los intercambios sociales, cuanto en el uso solvente de la palabra propia y en la valoraci\u00f3n de la ajena. <\/span><\/p>\n<p class=\"MsoNormal\" style=\"text-align: justify; line-height: normal; text-indent: 14.2pt; margin: 6pt 0cm;\"><span lang=\"ES-TRAD\" style=\"font-family: 'Century','serif'; font-size: 12pt; mso-bidi-font-family: 'Times New Roman'; mso-fareast-font-family: 'Times New Roman'; mso-fareast-language: ES-AR; mso-ansi-language: ES-TRAD;\">Asimismo, el egresado de esta carrera se habr\u00e1 apropiado del conocimiento del sistema de la lengua en sus distintos niveles: fonol\u00f3gico, morfol\u00f3gico, sint\u00e1ctico, sem\u00e1ntico y pragm\u00e1tico. <\/span><\/p>\n<p class=\"MsoNormal\" style=\"text-align: justify; line-height: normal; text-indent: 14.2pt; margin: 6pt 0cm;\"><span lang=\"ES-TRAD\" style=\"font-family: 'Century','serif'; font-size: 12pt; mso-bidi-font-family: 'Times New Roman'; mso-fareast-font-family: 'Times New Roman'; mso-fareast-language: ES-AR; mso-ansi-language: ES-TRAD;\">El desarrollo tecnol\u00f3gico ha ampliado el campo de la comunicaci\u00f3n. En este contexto, adquieren importancia los aportes de la <em>semi\u00f3tica<\/em> para el estudio de los diferentes c\u00f3digos comunicacionales.<\/span><\/p>\n<p class=\"MsoNormal\" style=\"text-align: justify; line-height: normal; text-indent: 14.2pt; margin: 6pt 0cm;\"><span lang=\"ES-TRAD\" style=\"font-family: 'Century','serif'; font-size: 12pt; mso-bidi-font-family: 'Times New Roman'; mso-fareast-font-family: 'Times New Roman'; mso-fareast-language: ES-AR; mso-ansi-language: ES-TRAD;\">En la Literatura, se manifiesta la integridad del lenguaje. Por lo tanto, el alumno conocer\u00e1 en profundidad las teor\u00edas literarias y la metodolog\u00eda adecuada para el descubrimiento personal de las caracter\u00edsticas espec\u00edficas de este tipo de expresi\u00f3n.<\/span><\/p>\n<p class=\"MsoNormal\" style=\"text-align: justify; line-height: normal; text-indent: 14.2pt; margin: 6pt 0cm;\"><span lang=\"ES-TRAD\" style=\"font-family: 'Century','serif'; font-size: 12pt; mso-bidi-font-family: 'Times New Roman'; mso-fareast-font-family: 'Times New Roman'; mso-fareast-language: ES-AR; mso-ansi-language: ES-TRAD;\">En s\u00edntesis: la formaci\u00f3n del docente de Lengua y Literatura centrar\u00e1 su an\u00e1lisis en el discurso, en todas sus formas y formatos.<\/span><\/p>\n<p class=\"MsoNormal\" style=\"text-align: justify; line-height: normal; text-indent: 14.2pt; margin: 0cm 0cm 0pt; mso-layout-grid-align: none;\"><span style=\"font-family: ATRotisSemiSans; mso-bidi-font-family: ATRotisSemiSans;\"><span style=\"font-family: Calibri; font-size: 12pt;\">\u00a0<\/span><\/span><\/p>\n<p align=\"left\">\n","protected":false},"excerpt":{"rendered":"<p>Aprender y ense\u00f1ar la Lengua y la Literatura En las \u00faltimas d\u00e9cadas se han producido notables avances en los diferentes campos disciplinares y did\u00e1ctico-metodol\u00f3gicos que conforman la disciplina. En funci\u00f3n de los mismos, se propone un enfoque funcional de la gram\u00e1tica, con el que se posibilita la reflexi\u00f3n sobre el lenguaje mediante el estudio de &#8230; <a title=\"Profesorado en Lengua y Literatura\" class=\"read-more\" href=\"https:\/\/isfd142-bue.infd.edu.ar\/sitio\/profesorado-en-lengua-y-literatura\/\" aria-label=\"More on Profesorado en Lengua y Literatura\">[+]<\/a><\/p>\n","protected":false},"author":7,"featured_media":0,"parent":0,"menu_order":0,"comment_status":"closed","ping_status":"closed","template":"","meta":[],"acf":[],"_links":{"self":[{"href":"https:\/\/isfd142-bue.infd.edu.ar\/sitio\/wp-json\/wp\/v2\/pages\/813"}],"collection":[{"href":"https:\/\/isfd142-bue.infd.edu.ar\/sitio\/wp-json\/wp\/v2\/pages"}],"about":[{"href":"https:\/\/isfd142-bue.infd.edu.ar\/sitio\/wp-json\/wp\/v2\/types\/page"}],"author":[{"embeddable":true,"href":"https:\/\/isfd142-bue.infd.edu.ar\/sitio\/wp-json\/wp\/v2\/users\/7"}],"replies":[{"embeddable":true,"href":"https:\/\/isfd142-bue.infd.edu.ar\/sitio\/wp-json\/wp\/v2\/comments?post=813"}],"version-history":[{"count":3,"href":"https:\/\/isfd142-bue.infd.edu.ar\/sitio\/wp-json\/wp\/v2\/pages\/813\/revisions"}],"predecessor-version":[{"id":2271,"href":"https:\/\/isfd142-bue.infd.edu.ar\/sitio\/wp-json\/wp\/v2\/pages\/813\/revisions\/2271"}],"wp:attachment":[{"href":"https:\/\/isfd142-bue.infd.edu.ar\/sitio\/wp-json\/wp\/v2\/media?parent=813"}],"curies":[{"name":"wp","href":"https:\/\/api.w.org\/{rel}","templated":true}]}}