{"id":2869,"date":"2025-06-01T03:06:21","date_gmt":"2025-06-01T06:06:21","guid":{"rendered":"https:\/\/isfd142-bue.infd.edu.ar\/sitio\/?page_id=2869"},"modified":"2025-06-02T06:31:28","modified_gmt":"2025-06-02T09:31:28","slug":"historia-del-instituto","status":"publish","type":"page","link":"https:\/\/isfd142-bue.infd.edu.ar\/sitio\/historia-del-instituto\/","title":{"rendered":"Historia Del Instituto"},"content":{"rendered":"\n<p>La ESCUELA NORMAL SUPERIOR \u201cFRAY MAMERTO ESQUI\u00da\u201d tuvo su inicio en la inquietud de un grupo de j\u00f3venes que en el a\u00f1o 1944 ansiaban tener un colegio en el que pudieren seguir estudiando.<br>En 1945 se puso en funcionamiento el Colegio Nacional Privado cuyo primer director fue el Padre Di Yorio quien eligi\u00f3 el nombre de \u00abFray Mamerto Esqui\u00fa\u00bb para esa Instituci\u00f3n; funcion\u00f3 en el Colegio Nuestra Se\u00f1ora de Luj\u00e1n. Poco despu\u00e9s el Doctor Fernando Lillia ofreci\u00f3 su casa de la calle Rivadavia 658 y en poco tiempo el \u00abNacional\u00bb se traslad\u00f3 all\u00ed.<br>El 5 de julio de 1948 se concret\u00f3 su creaci\u00f3n como Colegio Nacional \u201cEva Per\u00f3n\u201d, por la gesti\u00f3n pol\u00edtica del entonces Presidente de la C\u00e1mara de Diputados Doctor H\u00e9ctor Jos\u00e9 C\u00e1mpora. Su primer Rector fue el Doctor Luis Garc\u00eda.<br>En 1952 se inaugur\u00f3 el actual edificio y el mismo a\u00f1o se cre\u00f3 como anexo el cuarto y quinto a\u00f1o del Magisterio para satisfacer las necesidades de un grupo de j\u00f3venes con vocaci\u00f3n docente.<br>En 1955, como consecuencia de los hechos pol\u00edticos del momento, se recuper\u00f3 el nombre de \u201cFray Mamerto Esqui\u00fa\u201d.<br>En 1957 se cre\u00f3 el Departamento de Aplicaci\u00f3n que servir\u00eda como campo de observaci\u00f3n y experiencia a los estudiantes del Magisterio.<br>En 1958 comenz\u00f3 a funcionar el Jard\u00edn de Infantes.<br>El 15 de mayo de 1975 naci\u00f3 el Profesorado para la Ense\u00f1anza Primaria, como anexo al Colegio Nacional \u00abFray Mamerto Esqui\u00fa\u00bb, seg\u00fan Resoluci\u00f3n Ministerial N\u00b0 287\/73. Seg\u00fan Resoluci\u00f3n N\u00b0 190 del 22 de marzo de 1982, el Colegio Nacional pas\u00f3 a llamarse Escuela Nacional Normal Superior. Desde 1989 y por un lapso de cuatro a\u00f1os funcion\u00f3 la Carrera de T\u00e9cnico Superior en Administraci\u00f3n de Empresas.<br>En el a\u00f1o 1994, seg\u00fan Ley 11524, las escuelas nacionales pasaron a depender de los gobiernos provinciales, modificando su nombre por el de Escuela Normal Superior \u00abFray Mamerto Esqui\u00fa\u00bb.<br>En 1998 se realiz\u00f3 la apertura del Profesorado de Primer y Segundo Ciclo de EGB que permaneci\u00f3 hasta febrero de 2003. El a\u00f1o siguiente, la Disposici\u00f3n 566 estableci\u00f3 el funcionamiento de las Unidades Acad\u00e9micas.<br>A partir de 1997, seg\u00fan lo estableci\u00f3 la Resoluci\u00f3n 4508, cada Instituto del Nivel Superior de las Unidades Acad\u00e9micas pas\u00f3 a denominarse Instituto Superior de Formaci\u00f3n Docente (ISFD), correspondi\u00e9ndole al de San Andr\u00e9s de Giles el N\u00b0 142.<br>En el a\u00f1o 2002 se inici\u00f3 el Profesorado para el Tercer Ciclo de la EGB y la Educaci\u00f3n Polimodal en Biolog\u00eda con Trayecto en Ciencias Naturales.<br>En el a\u00f1o 2004 se inici\u00f3 el Profesorado para el Tercer Ciclo de la EGB y la Educaci\u00f3n Polimodal en Qu\u00edmica con Trayecto en Ciencias Naturales y el Profesorado en Lengua y Literatura para el Tercer Ciclo y el Nivel Polimodal. Esta Instituci\u00f3n hoy constituye una Unidad Acad\u00e9mica del Sistema Educativo de la Provincia de Buenos Aires que abarca los cuatro niveles de educaci\u00f3n: Jard\u00edn de Infantes N\u00ba 911 (Nivel Inicial), EP N\u00ba 26 (Escuela Primaria), EES N\u00b0 2 (Escuela de Educaci\u00f3n Secundaria) e ISFD N\u00ba 142 (Instituto Superior de Formaci\u00f3n Docente). En el a\u00f1o 2008 se reabri\u00f3 el Profesorado en Educaci\u00f3n Primaria.<br>En el a\u00f1o 2012 se abri\u00f3 el primer a\u00f1o del Profesorado de Historia.<br>En el a\u00f1o 2020 se abri\u00f3 en primer a\u00f1o del Profesorado en Educaci\u00f3n Especial.<\/p>\n","protected":false},"excerpt":{"rendered":"<p>La ESCUELA NORMAL SUPERIOR \u201cFRAY MAMERTO ESQUI\u00da\u201d tuvo su inicio en la inquietud de un grupo de j\u00f3venes que en el a\u00f1o 1944 ansiaban tener un colegio en el que pudieren seguir estudiando.En 1945 se puso en funcionamiento el Colegio Nacional Privado cuyo primer director fue el Padre Di Yorio quien eligi\u00f3 el nombre de &#8230; <a title=\"Historia Del Instituto\" class=\"read-more\" href=\"https:\/\/isfd142-bue.infd.edu.ar\/sitio\/historia-del-instituto\/\" aria-label=\"More on Historia Del Instituto\">[+]<\/a><\/p>\n","protected":false},"author":871,"featured_media":0,"parent":0,"menu_order":0,"comment_status":"closed","ping_status":"closed","template":"","meta":[],"acf":[],"_links":{"self":[{"href":"https:\/\/isfd142-bue.infd.edu.ar\/sitio\/wp-json\/wp\/v2\/pages\/2869"}],"collection":[{"href":"https:\/\/isfd142-bue.infd.edu.ar\/sitio\/wp-json\/wp\/v2\/pages"}],"about":[{"href":"https:\/\/isfd142-bue.infd.edu.ar\/sitio\/wp-json\/wp\/v2\/types\/page"}],"author":[{"embeddable":true,"href":"https:\/\/isfd142-bue.infd.edu.ar\/sitio\/wp-json\/wp\/v2\/users\/871"}],"replies":[{"embeddable":true,"href":"https:\/\/isfd142-bue.infd.edu.ar\/sitio\/wp-json\/wp\/v2\/comments?post=2869"}],"version-history":[{"count":3,"href":"https:\/\/isfd142-bue.infd.edu.ar\/sitio\/wp-json\/wp\/v2\/pages\/2869\/revisions"}],"predecessor-version":[{"id":2881,"href":"https:\/\/isfd142-bue.infd.edu.ar\/sitio\/wp-json\/wp\/v2\/pages\/2869\/revisions\/2881"}],"wp:attachment":[{"href":"https:\/\/isfd142-bue.infd.edu.ar\/sitio\/wp-json\/wp\/v2\/media?parent=2869"}],"curies":[{"name":"wp","href":"https:\/\/api.w.org\/{rel}","templated":true}]}}