{"id":2354,"date":"2021-09-07T18:05:04","date_gmt":"2021-09-07T21:05:04","guid":{"rendered":"https:\/\/isfd142-bue.infd.edu.ar\/sitio\/?page_id=2354"},"modified":"2021-09-17T17:26:19","modified_gmt":"2021-09-17T20:26:19","slug":"eleuteria","status":"publish","type":"page","link":"https:\/\/isfd142-bue.infd.edu.ar\/sitio\/eleuteria\/","title":{"rendered":"\u00abEleuter\u00eda\u00bb"},"content":{"rendered":"\n<p class=\"has-medium-font-size\">Revista institucional<\/p>\n\n\n\n<p>                                                                                                           <strong> <em>Eleuter\u00eda<\/em><br>                                                                                                                           \u00abLibres para pensar, libres para crear\u00bb<\/strong><\/p>\n\n\n\n<p>  <em>Eleuter\u00eda <\/em>es el nombre elegido por estudiantes del Profesorado en Lengua y Literatura. Y como el nombre tiene que ver con el destino de quien lo lleva, es bueno explicitar que ELEUTER\u00cdA en griego significa LIBERTAD.<\/p>\n\n\n\n<p>  Este proyecto surgi\u00f3 en septiembre de 2008, pensado como un espacio para incentivar, poner en com\u00fan, socializar la investigaci\u00f3n y la presentaci\u00f3n de ensayos, informes, rese\u00f1as literarias. Tambi\u00e9n como lugar privilegiado desde el cual hacer conocer cuentos y poes\u00edas. <\/p>\n\n\n\n<div class=\"wp-block-file\"><a href=\"https:\/\/isfd142-bue.infd.edu.ar\/sitio\/wp-content\/uploads\/2021\/09\/Eleuteria-N\u00b012-2021.pdf\">Eleuteria-N\u00b012-2021<\/a><a href=\"https:\/\/isfd142-bue.infd.edu.ar\/sitio\/wp-content\/uploads\/2021\/09\/Eleuteria-N\u00b012-2021.pdf\" class=\"wp-block-file__button\" download>Descarga<\/a><\/div>\n\n\n\n<div class=\"wp-block-file\"><a href=\"https:\/\/isfd142-bue.infd.edu.ar\/sitio\/wp-content\/uploads\/2021\/09\/Eleuteria-N\u00b011-2020.pdf\">\u00abEleuter\u00eda\u00bb N\u00b011 (2020)<\/a><a href=\"https:\/\/isfd142-bue.infd.edu.ar\/sitio\/wp-content\/uploads\/2021\/09\/Eleuteria-N\u00b011-2020.pdf\" class=\"wp-block-file__button\" download>Descarga<\/a><\/div>\n\n\n\n<div class=\"wp-block-file\"><a href=\"https:\/\/isfd142-bue.infd.edu.ar\/sitio\/wp-content\/uploads\/2021\/09\/Eleuteria-N\u00b09-2018-1.pdf\">\u00abEleuter\u00eda\u00bb N\u00b09 (2018)<\/a><a href=\"https:\/\/isfd142-bue.infd.edu.ar\/sitio\/wp-content\/uploads\/2021\/09\/Eleuteria-N\u00b09-2018-1.pdf\" class=\"wp-block-file__button\" download>Descarga<\/a><\/div>\n\n\n\n<p><\/p>\n","protected":false},"excerpt":{"rendered":"<p>Revista institucional Eleuter\u00eda \u00abLibres para pensar, libres para crear\u00bb Eleuter\u00eda es el nombre elegido por estudiantes del Profesorado en Lengua y Literatura. Y como el nombre tiene que ver con el destino de quien lo lleva, es bueno explicitar que ELEUTER\u00cdA en griego significa LIBERTAD. Este proyecto surgi\u00f3 en septiembre de 2008, pensado como un &#8230; <a title=\"\u00abEleuter\u00eda\u00bb\" class=\"read-more\" href=\"https:\/\/isfd142-bue.infd.edu.ar\/sitio\/eleuteria\/\" aria-label=\"More on \u00abEleuter\u00eda\u00bb\">[+]<\/a><\/p>\n","protected":false},"author":223,"featured_media":0,"parent":0,"menu_order":0,"comment_status":"closed","ping_status":"closed","template":"","meta":[],"acf":[],"_links":{"self":[{"href":"https:\/\/isfd142-bue.infd.edu.ar\/sitio\/wp-json\/wp\/v2\/pages\/2354"}],"collection":[{"href":"https:\/\/isfd142-bue.infd.edu.ar\/sitio\/wp-json\/wp\/v2\/pages"}],"about":[{"href":"https:\/\/isfd142-bue.infd.edu.ar\/sitio\/wp-json\/wp\/v2\/types\/page"}],"author":[{"embeddable":true,"href":"https:\/\/isfd142-bue.infd.edu.ar\/sitio\/wp-json\/wp\/v2\/users\/223"}],"replies":[{"embeddable":true,"href":"https:\/\/isfd142-bue.infd.edu.ar\/sitio\/wp-json\/wp\/v2\/comments?post=2354"}],"version-history":[{"count":6,"href":"https:\/\/isfd142-bue.infd.edu.ar\/sitio\/wp-json\/wp\/v2\/pages\/2354\/revisions"}],"predecessor-version":[{"id":2394,"href":"https:\/\/isfd142-bue.infd.edu.ar\/sitio\/wp-json\/wp\/v2\/pages\/2354\/revisions\/2394"}],"wp:attachment":[{"href":"https:\/\/isfd142-bue.infd.edu.ar\/sitio\/wp-json\/wp\/v2\/media?parent=2354"}],"curies":[{"name":"wp","href":"https:\/\/api.w.org\/{rel}","templated":true}]}}