{"id":2299,"date":"2021-07-22T17:48:45","date_gmt":"2021-07-22T20:48:45","guid":{"rendered":"https:\/\/isfd142-bue.infd.edu.ar\/sitio\/?page_id=2299"},"modified":"2025-06-01T01:51:34","modified_gmt":"2025-06-01T04:51:34","slug":"plan-de-estudios-4","status":"publish","type":"page","link":"https:\/\/isfd142-bue.infd.edu.ar\/sitio\/plan-de-estudios-4\/","title":{"rendered":"Plan de estudio- Profesorado de Educaci\u00f3n Especial"},"content":{"rendered":"\n<p><strong>Primer a\u00f1o<\/strong><br>1.&nbsp;&nbsp;Taller de lectura, escritura y oralidad<br>2.&nbsp;&nbsp;Taller de pensamiento l\u00f3gico matem\u00e1tico<br>3.&nbsp;Filosof\u00eda<br>4.&nbsp;&nbsp;Did\u00e1ctica general<br>5.&nbsp;Pedagog\u00eda<br>6.&nbsp;&nbsp;An\u00e1lisis del mundo contempor\u00e1neo<br>7.&nbsp;Psicolog\u00eda del desarrollo y aprendizaje&nbsp;<br>8.&nbsp;Corporeidad y motricidad<br>9.&nbsp;&nbsp;Introducci\u00f3n a la Educaci\u00f3n Especial<br>10. Did\u00e1ctica de las Pr\u00e1cticas del Lenguaje I<br>11.&nbsp;Did\u00e1ctica de las Ciencias Sociales I<br>12.&nbsp;Did\u00e1ctica de las Ciencias Naturales I<br>13.&nbsp;Did\u00e1ctica de la Matem\u00e1tica I<br>14.&nbsp;Campo de la Pr\u00e1ctica I<\/p>\n\n\n\n<p><strong>Segundo a\u00f1o<\/strong><\/p>\n\n\n\n<ol start=\"15\">\n<li>Teor\u00edas sociopol\u00edticas y educaci\u00f3n<\/li>\n\n\n\n<li>Did\u00e1ctica y curr\u00edculum (4)<\/li>\n\n\n\n<li>Psicolog\u00eda del desarrollo y aprendizaje II (7)<\/li>\n\n\n\n<li>Cultura, comunicaci\u00f3n y educaci\u00f3n<\/li>\n\n\n\n<li>Neurociencias<\/li>\n\n\n\n<li>Did\u00e1ctica de las Pr\u00e1cticas del lenguaje II (10)<\/li>\n\n\n\n<li>Did\u00e1ctica de las Ciencias sociales II (11)<\/li>\n\n\n\n<li>Did\u00e1ctica de las Ciencias Naturales II (12)<\/li>\n\n\n\n<li>Did\u00e1ctica de las matem\u00e1ticas II (13)<\/li>\n\n\n\n<li>Arte y Educaci\u00f3n<\/li>\n\n\n\n<li>Campo de la pr\u00e1ctica II (14)<\/li>\n\n\n\n<li>TFO I: Taller de tiflolog\u00eda I o Lengua de Se\u00f1as argentina I<\/li>\n<\/ol>\n\n\n\n<p><strong>Tercer a\u00f1o<\/strong><\/p>\n\n\n\n<ol start=\"27\">\n<li>Historia, pol\u00edtica y legislaci\u00f3n argentina<\/li>\n\n\n\n<li>Psicolog\u00eda del desarrollo y aprendizaje III (17)<\/li>\n\n\n\n<li>Abordaje psicopedag\u00f3gico del sujeto con discapacidad<\/li>\n\n\n\n<li>Lenguaje y comunicaci\u00f3n en el sujeto con discapacidad intelectual (19)<\/li>\n\n\n\n<li>Sujeto con discapacidad intelectual<\/li>\n\n\n\n<li>Curriculum y discapacidad intelectual I (16)<\/li>\n\n\n\n<li>A.T.D.I. Atenci\u00f3n Temprana Desarrollo Infantil<\/li>\n\n\n\n<li>Producci\u00f3n de materiales y objetos did\u00e1cticos<\/li>\n\n\n\n<li>TFO II (26): Inclusi\u00f3n<\/li>\n\n\n\n<li>Campo de la Pr\u00e1ctica III (20; 21; 22; 23; 25)\u00bb<\/li>\n<\/ol>\n\n\n\n<p><strong>Cuarto a\u00f1o<\/strong><br>Reflexi\u00f3n filos\u00f3fica de la educaci\u00f3n (3)<br>Dimensi\u00f3n \u00e9tico pol\u00edtica de la praxis docente<br>Interacciones sociales<br>Psicopatolog\u00eda (28)<br>Curriculum y discapacidad intelectual II (32)<br>Taller de abordaje familiar en la escuela<br>Formaci\u00f3n laboral<br>Multidiscapacidad<br>Educaci\u00f3n y nuevas tecnolog\u00edas<br>Pol\u00edtica y legislaci\u00f3n referida a la discapacidad<br>TFO III: Comunicaci\u00f3n Alternativa y Aumentativa<br>Campo de la Pr\u00e1ctica IV (36)<\/p>\n","protected":false},"excerpt":{"rendered":"<p>Primer a\u00f1o1.&nbsp;&nbsp;Taller de lectura, escritura y oralidad2.&nbsp;&nbsp;Taller de pensamiento l\u00f3gico matem\u00e1tico3.&nbsp;Filosof\u00eda4.&nbsp;&nbsp;Did\u00e1ctica general5.&nbsp;Pedagog\u00eda6.&nbsp;&nbsp;An\u00e1lisis del mundo contempor\u00e1neo7.&nbsp;Psicolog\u00eda del desarrollo y aprendizaje&nbsp;8.&nbsp;Corporeidad y motricidad9.&nbsp;&nbsp;Introducci\u00f3n a la Educaci\u00f3n Especial10. Did\u00e1ctica de las Pr\u00e1cticas del Lenguaje I11.&nbsp;Did\u00e1ctica de las Ciencias Sociales I12.&nbsp;Did\u00e1ctica de las Ciencias Naturales I13.&nbsp;Did\u00e1ctica de la Matem\u00e1tica I14.&nbsp;Campo de la Pr\u00e1ctica I Segundo a\u00f1o Tercer a\u00f1o Cuarto &#8230; <a title=\"Plan de estudio- Profesorado de Educaci\u00f3n Especial\" class=\"read-more\" href=\"https:\/\/isfd142-bue.infd.edu.ar\/sitio\/plan-de-estudios-4\/\" aria-label=\"More on Plan de estudio- Profesorado de Educaci\u00f3n Especial\">[+]<\/a><\/p>\n","protected":false},"author":223,"featured_media":0,"parent":0,"menu_order":0,"comment_status":"closed","ping_status":"closed","template":"","meta":[],"acf":[],"_links":{"self":[{"href":"https:\/\/isfd142-bue.infd.edu.ar\/sitio\/wp-json\/wp\/v2\/pages\/2299"}],"collection":[{"href":"https:\/\/isfd142-bue.infd.edu.ar\/sitio\/wp-json\/wp\/v2\/pages"}],"about":[{"href":"https:\/\/isfd142-bue.infd.edu.ar\/sitio\/wp-json\/wp\/v2\/types\/page"}],"author":[{"embeddable":true,"href":"https:\/\/isfd142-bue.infd.edu.ar\/sitio\/wp-json\/wp\/v2\/users\/223"}],"replies":[{"embeddable":true,"href":"https:\/\/isfd142-bue.infd.edu.ar\/sitio\/wp-json\/wp\/v2\/comments?post=2299"}],"version-history":[{"count":3,"href":"https:\/\/isfd142-bue.infd.edu.ar\/sitio\/wp-json\/wp\/v2\/pages\/2299\/revisions"}],"predecessor-version":[{"id":2863,"href":"https:\/\/isfd142-bue.infd.edu.ar\/sitio\/wp-json\/wp\/v2\/pages\/2299\/revisions\/2863"}],"wp:attachment":[{"href":"https:\/\/isfd142-bue.infd.edu.ar\/sitio\/wp-json\/wp\/v2\/media?parent=2299"}],"curies":[{"name":"wp","href":"https:\/\/api.w.org\/{rel}","templated":true}]}}